{"id":8180,"date":"2024-07-28T16:13:15","date_gmt":"2024-07-28T14:13:15","guid":{"rendered":"https:\/\/zydzi-trzemeszno.pl\/?page_id=8180"},"modified":"2024-07-28T18:45:52","modified_gmt":"2024-07-28T16:45:52","slug":"obozy-pracy-przymusowej-w-powiecie-mogilenskim","status":"publish","type":"page","link":"https:\/\/zydzi-trzemeszno.pl\/en\/obozy-pracy-przymusowej-w-powiecie-mogilenskim\/","title":{"rendered":"Forced labour camps <br> in the Mogilno district"},"content":{"rendered":"<div data-elementor-type=\"wp-page\" data-elementor-id=\"8180\" class=\"elementor elementor-8180\">\n\t\t\t\t\t\t<section class=\"elementor-section elementor-top-section elementor-element elementor-element-81f6b2a elementor-section-boxed elementor-section-height-default elementor-section-height-default exad-glass-effect-no exad-sticky-section-no\" data-id=\"81f6b2a\" data-element_type=\"section\">\n\t\t\t\t\t\t<div class=\"elementor-container elementor-column-gap-default\">\n\t\t\t\t\t<div class=\"elementor-column elementor-col-100 elementor-top-column elementor-element elementor-element-61c63fb exad-glass-effect-no exad-sticky-section-no\" data-id=\"61c63fb\" data-element_type=\"column\">\n\t\t\t<div class=\"elementor-widget-wrap elementor-element-populated\">\n\t\t\t\t\t\t<div class=\"elementor-element elementor-element-deec8ad exad-sticky-section-no exad-glass-effect-no elementor-widget elementor-widget-wp-widget-rpwe_widget\" data-id=\"deec8ad\" data-element_type=\"widget\" data-widget_type=\"wp-widget-rpwe_widget.default\">\n\t\t\t\t<div class=\"elementor-widget-container\">\n\t\t\t\t\t<style>.rpwe-block ul{\r\nlist-style: none !important;\r\nmargin-left: 0 !important;\r\npadding-left: 0 !important;\r\n}\r\n\r\n.rpwe-block li{\r\nmargin-bottom: 10px;\r\npadding-bottom: 120px;\r\npadding-top:20px;\r\nlist-style-type: none;\r\n}\r\n\r\n.rpwe-block a{\r\ndisplay: inline !important;\r\ntext-decoration: none;\r\n}\r\n\r\n.rpwe-block h3{\r\nbackground: none !important;\r\nclear: none;\r\nmargin-bottom: 0 !important;\r\nmargin-top: 25px !important;\r\nfont-weight: 400;\r\nfont-size: 32px !important;\r\nline-height: 1.5em;\r\n}\r\n\r\n.rpwe-thumb{\r\nbox-shadow: none !important;\r\nmargin: 5px 20px 5px 0;\r\npadding: 3px !important;\r\n}\r\nimg.rpwe-thumb{\r\nborder-radius:10px;\r\n}\r\n.rpwe-summary{\r\nfont-size: 18px;\r\ntext-align: justify;\r\npadding-top: 10px\r\n}\r\n\r\n.rpwe-time{\r\ncolor: #bbb;\r\nfont-size: 18px;\r\n}\r\n\r\n.rpwe-comment{\r\ncolor: #bbb;\r\nfont-size: 11px;\r\npadding-left: 5px;\r\n}\r\n\r\n.rpwe-alignleft{\r\ndisplay: inline;\r\nfloat: left;\r\n}\r\n\r\n.rpwe-alignright{\r\ndisplay: inline;\r\nfloat: right;\r\n}\r\n\r\n.rpwe-aligncenter{\r\ndisplay: block;\r\nmargin-left: auto;\r\nmargin-right: auto;\r\n}\r\n\r\n.rpwe-clearfix:before,\r\n.rpwe-clearfix:after{\r\ncontent: &quot;&quot;;\r\ndisplay: table !important;\r\n}\r\n\r\n.rpwe-clearfix:after{\r\nclear: both;\r\n}\r\n\r\n.rpwe-clearfix{\r\nzoom: 1.1;\r\n}\r\n<\/style><div  class=\"rpwe-block\"><ul class=\"rpwe-ul\"><li class=\"rpwe-li rpwe-clearfix\"><a class=\"rpwe-img\" href=\"https:\/\/zydzi-trzemeszno.pl\/en\/ii-wojna-swiatowa\/obozy-pracy-przymusowej-w-powiecie-mogilenskim\/zydowki-z-kamionka\/\" target=\"_self\"><img loading=\"lazy\" class=\"rpwe-alignleft rpwe-thumb\" src=\"https:\/\/zydzi-trzemeszno.pl\/wp-content\/uploads\/2024\/07\/mapka-rotated-450x350.jpg\" alt=\"\u017byd\u00f3wki z Kamionka\" height=\"350\" width=\"450\" decoding=\"async\"><\/a><h3 class=\"rpwe-title\"><a href=\"https:\/\/zydzi-trzemeszno.pl\/en\/ii-wojna-swiatowa\/obozy-pracy-przymusowej-w-powiecie-mogilenskim\/zydowki-z-kamionka\/\" target=\"_self\">Jewish women from Kamionek<\/a><\/h3><time class=\"rpwe-time published\" datetime=\"2024-07-28T16:27:52+02:00\">28 July, 2024<\/time><div class=\"rpwe-summary\">The story of the Jewish women brought by the Germans to Kamionek, described in the book \u201cRenia's Diary\u201d by Anna Rink, reveals the drama of their lives in 1942. Accommodated in a former school, they worked at strengthening the banks of the Notec River, struggling under harsh conditions. Despite their difficult fate and unknown identity, the testimonies of the residents preserve the memory of their suffering....<a href=\"https:\/\/zydzi-trzemeszno.pl\/en\/ii-wojna-swiatowa\/obozy-pracy-przymusowej-w-powiecie-mogilenskim\/zydowki-z-kamionka\/\" class=\"more-link\">Read More \u00bb<\/a><\/div><\/li><\/ul><\/div><!-- Generated by http:\/\/wordpress.org\/plugins\/recent-posts-widget-extended\/ -->\t\t\t\t<\/div>\n\t\t\t\t<\/div>\n\t\t\t\t\t<\/div>\n\t\t<\/div>\n\t\t\t\t\t<\/div>\n\t\t<\/section>\n\t\t\t\t<\/div>","protected":false},"excerpt":{"rendered":"","protected":false},"author":1,"featured_media":8185,"parent":0,"menu_order":0,"comment_status":"closed","ping_status":"closed","template":"page-templates\/template-pagebuilder-full-width.php","meta":{"neve_meta_sidebar":"","neve_meta_container":"","neve_meta_enable_content_width":"","neve_meta_content_width":0,"neve_meta_title_alignment":"","neve_meta_author_avatar":"","neve_post_elements_order":"","neve_meta_disable_header":"","neve_meta_disable_footer":"","neve_meta_disable_title":"","_themeisle_gutenberg_block_has_review":false,"_ti_tpc_template_sync":false,"_ti_tpc_template_id":"","footnotes":""},"class_list":["post-8180","page","type-page","status-publish","has-post-thumbnail","hentry"],"acf":[],"yoast_head":"<!-- This site is optimized with the Yoast SEO plugin v24.2 - https:\/\/yoast.com\/wordpress\/plugins\/seo\/ -->\n<title>Obozy pracy przymusowej  w powiecie mogile\u0144skim - Strona po\u015bwi\u0119cona historii \u017byd\u00f3w z Trzemeszna<\/title>\n<meta name=\"robots\" content=\"index, follow, max-snippet:-1, max-image-preview:large, max-video-preview:-1\" \/>\n<link rel=\"canonical\" href=\"http:\/\/zydzi-trzemeszno.pl\/en\/obozy-pracy-przymusowej-w-powiecie-mogilenskim\/\" \/>\n<meta property=\"og:locale\" content=\"en_US\" \/>\n<meta property=\"og:type\" content=\"article\" \/>\n<meta property=\"og:title\" content=\"Obozy pracy przymusowej  w powiecie mogile\u0144skim - Strona po\u015bwi\u0119cona historii \u017byd\u00f3w z Trzemeszna\" \/>\n<meta property=\"og:url\" content=\"http:\/\/zydzi-trzemeszno.pl\/en\/obozy-pracy-przymusowej-w-powiecie-mogilenskim\/\" \/>\n<meta property=\"og:site_name\" content=\"Strona po\u015bwi\u0119cona historii \u017byd\u00f3w z Trzemeszna\" \/>\n<meta property=\"article:publisher\" content=\"https:\/\/www.facebook.com\/CmentarzZydowskiTrzemeszno\" \/>\n<meta property=\"article:modified_time\" content=\"2024-07-28T16:45:52+00:00\" \/>\n<meta property=\"og:image\" content=\"http:\/\/zydzi-trzemeszno.pl\/wp-content\/uploads\/2024\/07\/Kopia-Kopia-Kopia-Kopia-Kopia-Kopia-Kopia-Projekt-bez-nazwy.png\" \/>\n\t<meta property=\"og:image:width\" content=\"1600\" \/>\n\t<meta property=\"og:image:height\" content=\"350\" \/>\n\t<meta property=\"og:image:type\" content=\"image\/png\" \/>\n<meta name=\"twitter:card\" content=\"summary_large_image\" \/>\n<meta name=\"twitter:label1\" content=\"Est. reading time\" \/>\n\t<meta name=\"twitter:data1\" content=\"1 minute\" \/>\n<script type=\"application\/ld+json\" class=\"yoast-schema-graph\">{\"@context\":\"https:\/\/schema.org\",\"@graph\":[{\"@type\":\"WebPage\",\"@id\":\"http:\/\/zydzi-trzemeszno.pl\/obozy-pracy-przymusowej-w-powiecie-mogilenskim\/\",\"url\":\"http:\/\/zydzi-trzemeszno.pl\/obozy-pracy-przymusowej-w-powiecie-mogilenskim\/\",\"name\":\"Obozy pracy przymusowej w powiecie mogile\u0144skim - Strona po\u015bwi\u0119cona historii \u017byd\u00f3w z Trzemeszna\",\"isPartOf\":{\"@id\":\"https:\/\/zydzi-trzemeszno.pl\/en\/#website\"},\"primaryImageOfPage\":{\"@id\":\"http:\/\/zydzi-trzemeszno.pl\/obozy-pracy-przymusowej-w-powiecie-mogilenskim\/#primaryimage\"},\"image\":{\"@id\":\"http:\/\/zydzi-trzemeszno.pl\/obozy-pracy-przymusowej-w-powiecie-mogilenskim\/#primaryimage\"},\"thumbnailUrl\":\"https:\/\/zydzi-trzemeszno.pl\/wp-content\/uploads\/2024\/07\/Kopia-Kopia-Kopia-Kopia-Kopia-Kopia-Kopia-Projekt-bez-nazwy.png\",\"datePublished\":\"2024-07-28T14:13:15+00:00\",\"dateModified\":\"2024-07-28T16:45:52+00:00\",\"breadcrumb\":{\"@id\":\"http:\/\/zydzi-trzemeszno.pl\/obozy-pracy-przymusowej-w-powiecie-mogilenskim\/#breadcrumb\"},\"inLanguage\":\"en-US\",\"potentialAction\":[{\"@type\":\"ReadAction\",\"target\":[\"http:\/\/zydzi-trzemeszno.pl\/obozy-pracy-przymusowej-w-powiecie-mogilenskim\/\"]}]},{\"@type\":\"ImageObject\",\"inLanguage\":\"en-US\",\"@id\":\"http:\/\/zydzi-trzemeszno.pl\/obozy-pracy-przymusowej-w-powiecie-mogilenskim\/#primaryimage\",\"url\":\"https:\/\/zydzi-trzemeszno.pl\/wp-content\/uploads\/2024\/07\/Kopia-Kopia-Kopia-Kopia-Kopia-Kopia-Kopia-Projekt-bez-nazwy.png\",\"contentUrl\":\"https:\/\/zydzi-trzemeszno.pl\/wp-content\/uploads\/2024\/07\/Kopia-Kopia-Kopia-Kopia-Kopia-Kopia-Kopia-Projekt-bez-nazwy.png\",\"width\":1600,\"height\":350},{\"@type\":\"BreadcrumbList\",\"@id\":\"http:\/\/zydzi-trzemeszno.pl\/obozy-pracy-przymusowej-w-powiecie-mogilenskim\/#breadcrumb\",\"itemListElement\":[{\"@type\":\"ListItem\",\"position\":1,\"name\":\"Strona g\u0142\u00f3wna\",\"item\":\"https:\/\/zydzi-trzemeszno.pl\/en\/\"},{\"@type\":\"ListItem\",\"position\":2,\"name\":\"Obozy pracy przymusowej w powiecie mogile\u0144skim\"}]},{\"@type\":\"WebSite\",\"@id\":\"https:\/\/zydzi-trzemeszno.pl\/en\/#website\",\"url\":\"https:\/\/zydzi-trzemeszno.pl\/en\/\",\"name\":\"Strona po\u015bwi\u0119cona historii \u017byd\u00f3w z Trzemeszna\",\"description\":\"Dowiedz si\u0119 wi\u0119cej o \u017bydach z Trzemeszna, ich rodzinach, wspomnieniach oraz Cmentarzu \u017bydowskim w Trzemesznie.\",\"publisher\":{\"@id\":\"https:\/\/zydzi-trzemeszno.pl\/en\/#organization\"},\"potentialAction\":[{\"@type\":\"SearchAction\",\"target\":{\"@type\":\"EntryPoint\",\"urlTemplate\":\"https:\/\/zydzi-trzemeszno.pl\/en\/?s={search_term_string}\"},\"query-input\":{\"@type\":\"PropertyValueSpecification\",\"valueRequired\":true,\"valueName\":\"search_term_string\"}}],\"inLanguage\":\"en-US\"},{\"@type\":\"Organization\",\"@id\":\"https:\/\/zydzi-trzemeszno.pl\/en\/#organization\",\"name\":\"Strona po\u015bwi\u0119cona historii \u017byd\u00f3w z Trzemeszna\",\"url\":\"https:\/\/zydzi-trzemeszno.pl\/en\/\",\"logo\":{\"@type\":\"ImageObject\",\"inLanguage\":\"en-US\",\"@id\":\"https:\/\/zydzi-trzemeszno.pl\/en\/#\/schema\/logo\/image\/\",\"url\":\"http:\/\/zydzi-trzemeszno.pl\/wp-content\/uploads\/2022\/03\/cropped-zydzi-trzem-logo-21.png\",\"contentUrl\":\"http:\/\/zydzi-trzemeszno.pl\/wp-content\/uploads\/2022\/03\/cropped-zydzi-trzem-logo-21.png\",\"width\":200,\"height\":120,\"caption\":\"Strona po\u015bwi\u0119cona historii \u017byd\u00f3w z Trzemeszna\"},\"image\":{\"@id\":\"https:\/\/zydzi-trzemeszno.pl\/en\/#\/schema\/logo\/image\/\"},\"sameAs\":[\"https:\/\/www.facebook.com\/CmentarzZydowskiTrzemeszno\",\"https:\/\/www.youtube.com\/channel\/UCriHe7XL_3BRMosZAKSx77g\"]}]}<\/script>\n<!-- \/ Yoast SEO plugin. -->","yoast_head_json":{"title":"Obozy pracy przymusowej  w powiecie mogile\u0144skim - Strona po\u015bwi\u0119cona historii \u017byd\u00f3w z Trzemeszna","robots":{"index":"index","follow":"follow","max-snippet":"max-snippet:-1","max-image-preview":"max-image-preview:large","max-video-preview":"max-video-preview:-1"},"canonical":"http:\/\/zydzi-trzemeszno.pl\/en\/obozy-pracy-przymusowej-w-powiecie-mogilenskim\/","og_locale":"en_US","og_type":"article","og_title":"Obozy pracy przymusowej  w powiecie mogile\u0144skim - Strona po\u015bwi\u0119cona historii \u017byd\u00f3w z Trzemeszna","og_url":"http:\/\/zydzi-trzemeszno.pl\/en\/obozy-pracy-przymusowej-w-powiecie-mogilenskim\/","og_site_name":"Strona po\u015bwi\u0119cona historii \u017byd\u00f3w z Trzemeszna","article_publisher":"https:\/\/www.facebook.com\/CmentarzZydowskiTrzemeszno","article_modified_time":"2024-07-28T16:45:52+00:00","og_image":[{"width":1600,"height":350,"url":"http:\/\/zydzi-trzemeszno.pl\/wp-content\/uploads\/2024\/07\/Kopia-Kopia-Kopia-Kopia-Kopia-Kopia-Kopia-Projekt-bez-nazwy.png","type":"image\/png"}],"twitter_card":"summary_large_image","twitter_misc":{"Est. reading time":"1 minute"},"schema":{"@context":"https:\/\/schema.org","@graph":[{"@type":"WebPage","@id":"http:\/\/zydzi-trzemeszno.pl\/obozy-pracy-przymusowej-w-powiecie-mogilenskim\/","url":"http:\/\/zydzi-trzemeszno.pl\/obozy-pracy-przymusowej-w-powiecie-mogilenskim\/","name":"Obozy pracy przymusowej w powiecie mogile\u0144skim - Strona po\u015bwi\u0119cona historii \u017byd\u00f3w z Trzemeszna","isPartOf":{"@id":"https:\/\/zydzi-trzemeszno.pl\/en\/#website"},"primaryImageOfPage":{"@id":"http:\/\/zydzi-trzemeszno.pl\/obozy-pracy-przymusowej-w-powiecie-mogilenskim\/#primaryimage"},"image":{"@id":"http:\/\/zydzi-trzemeszno.pl\/obozy-pracy-przymusowej-w-powiecie-mogilenskim\/#primaryimage"},"thumbnailUrl":"https:\/\/zydzi-trzemeszno.pl\/wp-content\/uploads\/2024\/07\/Kopia-Kopia-Kopia-Kopia-Kopia-Kopia-Kopia-Projekt-bez-nazwy.png","datePublished":"2024-07-28T14:13:15+00:00","dateModified":"2024-07-28T16:45:52+00:00","breadcrumb":{"@id":"http:\/\/zydzi-trzemeszno.pl\/obozy-pracy-przymusowej-w-powiecie-mogilenskim\/#breadcrumb"},"inLanguage":"en-US","potentialAction":[{"@type":"ReadAction","target":["http:\/\/zydzi-trzemeszno.pl\/obozy-pracy-przymusowej-w-powiecie-mogilenskim\/"]}]},{"@type":"ImageObject","inLanguage":"en-US","@id":"http:\/\/zydzi-trzemeszno.pl\/obozy-pracy-przymusowej-w-powiecie-mogilenskim\/#primaryimage","url":"https:\/\/zydzi-trzemeszno.pl\/wp-content\/uploads\/2024\/07\/Kopia-Kopia-Kopia-Kopia-Kopia-Kopia-Kopia-Projekt-bez-nazwy.png","contentUrl":"https:\/\/zydzi-trzemeszno.pl\/wp-content\/uploads\/2024\/07\/Kopia-Kopia-Kopia-Kopia-Kopia-Kopia-Kopia-Projekt-bez-nazwy.png","width":1600,"height":350},{"@type":"BreadcrumbList","@id":"http:\/\/zydzi-trzemeszno.pl\/obozy-pracy-przymusowej-w-powiecie-mogilenskim\/#breadcrumb","itemListElement":[{"@type":"ListItem","position":1,"name":"Strona g\u0142\u00f3wna","item":"https:\/\/zydzi-trzemeszno.pl\/en\/"},{"@type":"ListItem","position":2,"name":"Obozy pracy przymusowej w powiecie mogile\u0144skim"}]},{"@type":"WebSite","@id":"https:\/\/zydzi-trzemeszno.pl\/en\/#website","url":"https:\/\/zydzi-trzemeszno.pl\/en\/","name":"Strona po\u015bwi\u0119cona historii \u017byd\u00f3w z Trzemeszna","description":"Dowiedz si\u0119 wi\u0119cej o \u017bydach z Trzemeszna, ich rodzinach, wspomnieniach oraz Cmentarzu \u017bydowskim w Trzemesznie.","publisher":{"@id":"https:\/\/zydzi-trzemeszno.pl\/en\/#organization"},"potentialAction":[{"@type":"SearchAction","target":{"@type":"EntryPoint","urlTemplate":"https:\/\/zydzi-trzemeszno.pl\/en\/?s={search_term_string}"},"query-input":{"@type":"PropertyValueSpecification","valueRequired":true,"valueName":"search_term_string"}}],"inLanguage":"en-US"},{"@type":"Organization","@id":"https:\/\/zydzi-trzemeszno.pl\/en\/#organization","name":"Strona po\u015bwi\u0119cona historii \u017byd\u00f3w z Trzemeszna","url":"https:\/\/zydzi-trzemeszno.pl\/en\/","logo":{"@type":"ImageObject","inLanguage":"en-US","@id":"https:\/\/zydzi-trzemeszno.pl\/en\/#\/schema\/logo\/image\/","url":"http:\/\/zydzi-trzemeszno.pl\/wp-content\/uploads\/2022\/03\/cropped-zydzi-trzem-logo-21.png","contentUrl":"http:\/\/zydzi-trzemeszno.pl\/wp-content\/uploads\/2022\/03\/cropped-zydzi-trzem-logo-21.png","width":200,"height":120,"caption":"Strona po\u015bwi\u0119cona historii \u017byd\u00f3w z Trzemeszna"},"image":{"@id":"https:\/\/zydzi-trzemeszno.pl\/en\/#\/schema\/logo\/image\/"},"sameAs":["https:\/\/www.facebook.com\/CmentarzZydowskiTrzemeszno","https:\/\/www.youtube.com\/channel\/UCriHe7XL_3BRMosZAKSx77g"]}]}},"_links":{"self":[{"href":"https:\/\/zydzi-trzemeszno.pl\/en\/wp-json\/wp\/v2\/pages\/8180","targetHints":{"allow":["GET"]}}],"collection":[{"href":"https:\/\/zydzi-trzemeszno.pl\/en\/wp-json\/wp\/v2\/pages"}],"about":[{"href":"https:\/\/zydzi-trzemeszno.pl\/en\/wp-json\/wp\/v2\/types\/page"}],"author":[{"embeddable":true,"href":"https:\/\/zydzi-trzemeszno.pl\/en\/wp-json\/wp\/v2\/users\/1"}],"replies":[{"embeddable":true,"href":"https:\/\/zydzi-trzemeszno.pl\/en\/wp-json\/wp\/v2\/comments?post=8180"}],"version-history":[{"count":16,"href":"https:\/\/zydzi-trzemeszno.pl\/en\/wp-json\/wp\/v2\/pages\/8180\/revisions"}],"predecessor-version":[{"id":8230,"href":"https:\/\/zydzi-trzemeszno.pl\/en\/wp-json\/wp\/v2\/pages\/8180\/revisions\/8230"}],"wp:featuredmedia":[{"embeddable":true,"href":"https:\/\/zydzi-trzemeszno.pl\/en\/wp-json\/wp\/v2\/media\/8185"}],"wp:attachment":[{"href":"https:\/\/zydzi-trzemeszno.pl\/en\/wp-json\/wp\/v2\/media?parent=8180"}],"curies":[{"name":"wp","href":"https:\/\/api.w.org\/{rel}","templated":true}]}}