{"id":2948,"date":"2022-02-26T21:32:52","date_gmt":"2022-02-26T20:32:52","guid":{"rendered":"https:\/\/zydzi-trzemeszno.pl\/?page_id=2948"},"modified":"2022-03-19T22:31:41","modified_gmt":"2022-03-19T21:31:41","slug":"pomysl-na-strone","status":"publish","type":"page","link":"https:\/\/zydzi-trzemeszno.pl\/en\/o-nas\/pomysl-na-strone\/","title":{"rendered":"Website idea"},"content":{"rendered":"<div data-elementor-type=\"wp-page\" data-elementor-id=\"2948\" class=\"elementor elementor-2948\">\n\t\t\t\t\t\t<section class=\"elementor-section elementor-top-section elementor-element elementor-element-cc3136f elementor-section-boxed elementor-section-height-default elementor-section-height-default exad-glass-effect-no exad-sticky-section-no\" data-id=\"cc3136f\" data-element_type=\"section\">\n\t\t\t\t\t\t<div class=\"elementor-container elementor-column-gap-default\">\n\t\t\t\t\t<div class=\"elementor-column elementor-col-100 elementor-top-column elementor-element elementor-element-89df255 exad-glass-effect-no exad-sticky-section-no\" data-id=\"89df255\" data-element_type=\"column\">\n\t\t\t<div class=\"elementor-widget-wrap elementor-element-populated\">\n\t\t\t\t\t\t<div class=\"elementor-element elementor-element-6eb0afb exad-sticky-section-no exad-glass-effect-no elementor-widget elementor-widget-heading\" data-id=\"6eb0afb\" data-element_type=\"widget\" data-widget_type=\"heading.default\">\n\t\t\t\t<div class=\"elementor-widget-container\">\n\t\t\t\t\t<h2 class=\"elementor-heading-title elementor-size-default\">Where did the idea of this website come from?<\/h2>\t\t\t\t<\/div>\n\t\t\t\t<\/div>\n\t\t\t\t\t<\/div>\n\t\t<\/div>\n\t\t\t\t\t<\/div>\n\t\t<\/section>\n\t\t\t\t<section class=\"elementor-section elementor-top-section elementor-element elementor-element-d235a04 elementor-section-boxed elementor-section-height-default elementor-section-height-default exad-glass-effect-no exad-sticky-section-no\" data-id=\"d235a04\" data-element_type=\"section\">\n\t\t\t\t\t\t<div class=\"elementor-container elementor-column-gap-default\">\n\t\t\t\t\t<div class=\"elementor-column elementor-col-100 elementor-top-column elementor-element elementor-element-7e7f0df exad-glass-effect-no exad-sticky-section-no\" data-id=\"7e7f0df\" data-element_type=\"column\">\n\t\t\t<div class=\"elementor-widget-wrap elementor-element-populated\">\n\t\t\t\t\t\t<div class=\"elementor-element elementor-element-e68a540 exad-sticky-section-no exad-glass-effect-no elementor-widget elementor-widget-spacer\" data-id=\"e68a540\" data-element_type=\"widget\" data-widget_type=\"spacer.default\">\n\t\t\t\t<div class=\"elementor-widget-container\">\n\t\t\t\t\t\t\t<div class=\"elementor-spacer\">\n\t\t\t<div class=\"elementor-spacer-inner\"><\/div>\n\t\t<\/div>\n\t\t\t\t\t\t<\/div>\n\t\t\t\t<\/div>\n\t\t\t\t\t<\/div>\n\t\t<\/div>\n\t\t\t\t\t<\/div>\n\t\t<\/section>\n\t\t\t\t<section class=\"elementor-section elementor-top-section elementor-element elementor-element-2ac5f0f elementor-section-boxed elementor-section-height-default elementor-section-height-default exad-glass-effect-no exad-sticky-section-no\" data-id=\"2ac5f0f\" data-element_type=\"section\">\n\t\t\t\t\t\t<div class=\"elementor-container elementor-column-gap-default\">\n\t\t\t\t\t<div class=\"elementor-column elementor-col-100 elementor-top-column elementor-element elementor-element-333ab8e exad-glass-effect-no exad-sticky-section-no\" data-id=\"333ab8e\" data-element_type=\"column\">\n\t\t\t<div class=\"elementor-widget-wrap elementor-element-populated\">\n\t\t\t\t\t\t<div class=\"elementor-element elementor-element-0b00046 exad-sticky-section-no exad-glass-effect-no elementor-widget elementor-widget-text-editor\" data-id=\"0b00046\" data-element_type=\"widget\" data-widget_type=\"text-editor.default\">\n\t\t\t\t<div class=\"elementor-widget-container\">\n\t\t\t\t\t\t\t\t\t<p>This website was created as a response to the requests I received to write a book about the Jewish community of Trzemeszno. I am not a historian and from the beginning I had serious objections to editing such a book. On the other hand, as the months passed and I had received more materials about the community, I thought that they should reach everyone interested in this story. The more so because there is no information about this community even on popular portals devoted to the history of Jews in Poland; sometimes they are distorted, incomplete.<\/p><p>As I was publishing articles about the Jewish community of Trzemeszno on the local website, I became even more aware of the widespread lack of knowledge about it and the resulting distortions and stereotypes.  This strengthened my belief in the sense of creating a place that would be a reliable compendium of knowledge for those who want to fill these information gaps and would help them confront repeated slogans and stereotypes (most often resulting from lack of knowledge).<\/p><p>Another reason for creating a website was that it gives more possibilities than a book, both in terms of the amount of space available for publishing materials and reaching a larger audience, also abroad.  It also gives a chance to reach the descendants of the Trzemeszno Jews, who can become another source of knowledge about this community.  That is why I decided to run it in two language versions: Polish and English. I invited Anna Blasiak, Anna Keren, Olimpia Nowicka-Sulla, Jolanta Wojciechowska, Kasia Smialkowski,  Jolanta Wojciechowska, Dr. Joachim Neander, Krzysztof Tomala, and Marcin Butka to help translate the texts.  I am very grateful to them for their time and commitment, especially since the vast majority of them do the translations pro bono.<\/p><p>I really want the information provided on the website to be based on reliable sources and verified by specialists. That is why I invited Dr. Krzysztof Bielawski, a Judaist, with whom I will consult the most specialized articles.  The department of Jewish tradition and culture will be run by Julita Semrau, a member of the Circle of Jewish Culture Lovers at the Adam Mickiewicz University in Pozna\u0144.<\/p><p>The website would not have existed without the contribution of time, skills and heart invested into its creation by two high school graduates of the Economic School Complex in Gniezno:  Klaudiusz Zdrojewski and Mateusz Springer.  From the beginning, I have dreamed that young people from the Trzemeszno region would participate in the creation of this website and it happened, in which Piotr Tar\u0142owski had a silent share. I hope that there will be more young people willing to participate in this project.<\/p><p>The beautiful logo of the website was created pro bono by Marceli Konieczny, artist-painter, photographer, employee of the House of Culture in Trzemeszno.<\/p><p>The costs of launching the website were covered by three wonderful, open to cooperation descendants of Trzemeszno Jews: Dorit Braun, Lee Pariser and Ronald Philippsborn.<\/p><p>A good spirit, which supported me from the beginning in the implementation of this idea, was Kasia Sudaj, also involved in work for the renovation of the Jewish cemetery in Trzemeszno.  She will administer this site with me.<\/p>\t\t\t\t\t\t\t\t<\/div>\n\t\t\t\t<\/div>\n\t\t\t\t\t<\/div>\n\t\t<\/div>\n\t\t\t\t\t<\/div>\n\t\t<\/section>\n\t\t\t\t<section class=\"elementor-section elementor-top-section elementor-element elementor-element-0d3cb8a elementor-section-boxed elementor-section-height-default elementor-section-height-default exad-glass-effect-no exad-sticky-section-no\" data-id=\"0d3cb8a\" data-element_type=\"section\">\n\t\t\t\t\t\t<div class=\"elementor-container elementor-column-gap-default\">\n\t\t\t\t\t<div class=\"elementor-column elementor-col-100 elementor-top-column elementor-element elementor-element-f391ccb exad-glass-effect-no exad-sticky-section-no\" data-id=\"f391ccb\" data-element_type=\"column\">\n\t\t\t<div class=\"elementor-widget-wrap elementor-element-populated\">\n\t\t\t\t\t\t<div class=\"elementor-element elementor-element-b46916c exad-sticky-section-no exad-glass-effect-no elementor-widget elementor-widget-text-editor\" data-id=\"b46916c\" data-element_type=\"widget\" data-widget_type=\"text-editor.default\">\n\t\t\t\t<div class=\"elementor-widget-container\">\n\t\t\t\t\t\t\t\t\t<p><strong>THANK YOU ALL VERY MUCH!<\/strong><\/p><p>Agnieszka Kostuch<\/p>\t\t\t\t\t\t\t\t<\/div>\n\t\t\t\t<\/div>\n\t\t\t\t\t<\/div>\n\t\t<\/div>\n\t\t\t\t\t<\/div>\n\t\t<\/section>\n\t\t\t\t<section class=\"elementor-section elementor-top-section elementor-element elementor-element-792d1a1 elementor-section-boxed elementor-section-height-default elementor-section-height-default exad-glass-effect-no exad-sticky-section-no\" data-id=\"792d1a1\" data-element_type=\"section\" data-no-translation=\"\">\n\t\t\t\t\t\t<div class=\"elementor-container elementor-column-gap-default\">\n\t\t\t\t\t<div class=\"elementor-column elementor-col-100 elementor-top-column elementor-element elementor-element-3c36050 exad-glass-effect-no exad-sticky-section-no\" data-id=\"3c36050\" data-element_type=\"column\">\n\t\t\t<div class=\"elementor-widget-wrap elementor-element-populated\">\n\t\t\t\t\t\t<div class=\"elementor-element elementor-element-9ade527 exad-sticky-section-no exad-glass-effect-no elementor-widget elementor-widget-text-editor\" data-id=\"9ade527\" data-element_type=\"widget\" data-widget_type=\"text-editor.default\">\n\t\t\t\t<div class=\"elementor-widget-container\">\n\t\t\t\t\t\t\t\t\t<p><b>Translated by Olimpia Nowicka-Sulla<\/b><\/p>\t\t\t\t\t\t\t\t<\/div>\n\t\t\t\t<\/div>\n\t\t\t\t\t<\/div>\n\t\t<\/div>\n\t\t\t\t\t<\/div>\n\t\t<\/section>\n\t\t\t\t<section class=\"elementor-section elementor-top-section elementor-element elementor-element-4a2057c elementor-section-boxed elementor-section-height-default elementor-section-height-default exad-glass-effect-no exad-sticky-section-no\" data-id=\"4a2057c\" data-element_type=\"section\">\n\t\t\t\t\t\t<div class=\"elementor-container elementor-column-gap-default\">\n\t\t\t\t\t<div class=\"elementor-column elementor-col-100 elementor-top-column elementor-element elementor-element-3bf04d2 exad-glass-effect-no exad-sticky-section-no\" data-id=\"3bf04d2\" data-element_type=\"column\">\n\t\t\t<div class=\"elementor-widget-wrap elementor-element-populated\">\n\t\t\t\t\t\t<div class=\"elementor-element elementor-element-7e02757 exad-sticky-section-no exad-glass-effect-no elementor-widget elementor-widget-spacer\" data-id=\"7e02757\" data-element_type=\"widget\" data-widget_type=\"spacer.default\">\n\t\t\t\t<div class=\"elementor-widget-container\">\n\t\t\t\t\t\t\t<div class=\"elementor-spacer\">\n\t\t\t<div class=\"elementor-spacer-inner\"><\/div>\n\t\t<\/div>\n\t\t\t\t\t\t<\/div>\n\t\t\t\t<\/div>\n\t\t\t\t\t<\/div>\n\t\t<\/div>\n\t\t\t\t\t<\/div>\n\t\t<\/section>\n\t\t\t\t<\/div>","protected":false},"excerpt":{"rendered":"<p>Sk\u0105d pomys\u0142 na tak\u0105 stron\u0119? Pomys\u0142 na za\u0142o\u017cenie tej strony by\u0142 odpowiedzi\u0105 na wysuwane wobec mnie oczekiwania napisania ksi\u0105\u017cki o spo\u0142eczno\u015bci \u017cydowskiej zamieszka\u0142ej w Trzemesznie. Nie jestem historykiem i od pocz\u0105tku mia\u0142am powa\u017cne obiekcje, co do zredagowania takiej ksi\u0105\u017cki. Z drugiej strony, w miar\u0119 up\u0142ywaj\u0105cych miesi\u0119cy i przybywania materia\u0142\u00f3w dotycz\u0105cych tej spo\u0142eczno\u015bci ci\u0105\u017cy\u0142a mi my\u015bl,&hellip;&nbsp;<a href=\"https:\/\/zydzi-trzemeszno.pl\/en\/o-nas\/pomysl-na-strone\/\" class=\"\" rel=\"bookmark\">Read More &raquo;<span class=\"screen-reader-text\">Website idea<\/span><\/a><\/p>","protected":false},"author":2,"featured_media":4333,"parent":1650,"menu_order":0,"comment_status":"closed","ping_status":"closed","template":"page-templates\/template-pagebuilder-full-width.php","meta":{"neve_meta_sidebar":"","neve_meta_container":"","neve_meta_enable_content_width":"","neve_meta_content_width":0,"neve_meta_title_alignment":"","neve_meta_author_avatar":"","neve_post_elements_order":"","neve_meta_disable_header":"","neve_meta_disable_footer":"","neve_meta_disable_title":"","_themeisle_gutenberg_block_has_review":false,"_ti_tpc_template_sync":false,"_ti_tpc_template_id":"","footnotes":""},"class_list":["post-2948","page","type-page","status-publish","has-post-thumbnail","hentry"],"acf":[],"yoast_head":"<!-- This site is optimized with the Yoast SEO plugin v24.2 - https:\/\/yoast.com\/wordpress\/plugins\/seo\/ -->\n<title>Pomys\u0142 na stron\u0119 - Strona po\u015bwi\u0119cona historii \u017byd\u00f3w z Trzemeszna<\/title>\n<meta name=\"robots\" content=\"index, follow, max-snippet:-1, max-image-preview:large, max-video-preview:-1\" \/>\n<link rel=\"canonical\" href=\"http:\/\/zydzi-trzemeszno.pl\/en\/o-nas\/pomysl-na-strone\/\" \/>\n<meta property=\"og:locale\" content=\"en_US\" \/>\n<meta property=\"og:type\" content=\"article\" \/>\n<meta property=\"og:title\" content=\"Pomys\u0142 na stron\u0119 - Strona po\u015bwi\u0119cona historii \u017byd\u00f3w z Trzemeszna\" \/>\n<meta property=\"og:description\" content=\"Sk\u0105d pomys\u0142 na tak\u0105 stron\u0119? Pomys\u0142 na za\u0142o\u017cenie tej strony by\u0142 odpowiedzi\u0105 na wysuwane wobec mnie oczekiwania napisania ksi\u0105\u017cki o spo\u0142eczno\u015bci \u017cydowskiej zamieszka\u0142ej w Trzemesznie. Nie jestem historykiem i od pocz\u0105tku mia\u0142am powa\u017cne obiekcje, co do zredagowania takiej ksi\u0105\u017cki. Z drugiej strony, w miar\u0119 up\u0142ywaj\u0105cych miesi\u0119cy i przybywania materia\u0142\u00f3w dotycz\u0105cych tej spo\u0142eczno\u015bci ci\u0105\u017cy\u0142a mi my\u015bl,&hellip;&nbsp;Read More &raquo;Pomys\u0142 na stron\u0119\" \/>\n<meta property=\"og:url\" content=\"http:\/\/zydzi-trzemeszno.pl\/en\/o-nas\/pomysl-na-strone\/\" \/>\n<meta property=\"og:site_name\" content=\"Strona po\u015bwi\u0119cona historii \u017byd\u00f3w z Trzemeszna\" \/>\n<meta property=\"article:publisher\" content=\"https:\/\/www.facebook.com\/CmentarzZydowskiTrzemeszno\" \/>\n<meta property=\"article:modified_time\" content=\"2022-03-19T21:31:41+00:00\" \/>\n<meta property=\"og:image\" content=\"http:\/\/zydzi-trzemeszno.pl\/wp-content\/uploads\/2022\/03\/Kopia-Kopia-Kopia-Kopia-Projekt-bez-nazwy-1.png\" \/>\n\t<meta property=\"og:image:width\" content=\"1600\" \/>\n\t<meta property=\"og:image:height\" content=\"350\" \/>\n\t<meta property=\"og:image:type\" content=\"image\/png\" \/>\n<meta name=\"twitter:card\" content=\"summary_large_image\" \/>\n<meta name=\"twitter:label1\" content=\"Est. reading time\" \/>\n\t<meta name=\"twitter:data1\" content=\"3 minutes\" \/>\n<script type=\"application\/ld+json\" class=\"yoast-schema-graph\">{\"@context\":\"https:\/\/schema.org\",\"@graph\":[{\"@type\":\"WebPage\",\"@id\":\"http:\/\/zydzi-trzemeszno.pl\/en\/o-nas\/pomysl-na-strone\/\",\"url\":\"http:\/\/zydzi-trzemeszno.pl\/en\/o-nas\/pomysl-na-strone\/\",\"name\":\"Pomys\u0142 na stron\u0119 - Strona po\u015bwi\u0119cona historii \u017byd\u00f3w z Trzemeszna\",\"isPartOf\":{\"@id\":\"https:\/\/zydzi-trzemeszno.pl\/en\/#website\"},\"primaryImageOfPage\":{\"@id\":\"http:\/\/zydzi-trzemeszno.pl\/en\/o-nas\/pomysl-na-strone\/#primaryimage\"},\"image\":{\"@id\":\"http:\/\/zydzi-trzemeszno.pl\/en\/o-nas\/pomysl-na-strone\/#primaryimage\"},\"thumbnailUrl\":\"https:\/\/zydzi-trzemeszno.pl\/wp-content\/uploads\/2022\/03\/Kopia-Kopia-Kopia-Kopia-Projekt-bez-nazwy-1.png\",\"datePublished\":\"2022-02-26T20:32:52+00:00\",\"dateModified\":\"2022-03-19T21:31:41+00:00\",\"breadcrumb\":{\"@id\":\"http:\/\/zydzi-trzemeszno.pl\/en\/o-nas\/pomysl-na-strone\/#breadcrumb\"},\"inLanguage\":\"en-US\",\"potentialAction\":[{\"@type\":\"ReadAction\",\"target\":[\"http:\/\/zydzi-trzemeszno.pl\/en\/o-nas\/pomysl-na-strone\/\"]}]},{\"@type\":\"ImageObject\",\"inLanguage\":\"en-US\",\"@id\":\"http:\/\/zydzi-trzemeszno.pl\/en\/o-nas\/pomysl-na-strone\/#primaryimage\",\"url\":\"https:\/\/zydzi-trzemeszno.pl\/wp-content\/uploads\/2022\/03\/Kopia-Kopia-Kopia-Kopia-Projekt-bez-nazwy-1.png\",\"contentUrl\":\"https:\/\/zydzi-trzemeszno.pl\/wp-content\/uploads\/2022\/03\/Kopia-Kopia-Kopia-Kopia-Projekt-bez-nazwy-1.png\",\"width\":1600,\"height\":350},{\"@type\":\"BreadcrumbList\",\"@id\":\"http:\/\/zydzi-trzemeszno.pl\/en\/o-nas\/pomysl-na-strone\/#breadcrumb\",\"itemListElement\":[{\"@type\":\"ListItem\",\"position\":1,\"name\":\"Strona g\u0142\u00f3wna\",\"item\":\"https:\/\/zydzi-trzemeszno.pl\/en\/\"},{\"@type\":\"ListItem\",\"position\":2,\"name\":\"O nas\",\"item\":\"http:\/\/zydzi-trzemeszno.pl\/en\/?page_id=1650\"},{\"@type\":\"ListItem\",\"position\":3,\"name\":\"Pomys\u0142 na stron\u0119\"}]},{\"@type\":\"WebSite\",\"@id\":\"https:\/\/zydzi-trzemeszno.pl\/en\/#website\",\"url\":\"https:\/\/zydzi-trzemeszno.pl\/en\/\",\"name\":\"Strona po\u015bwi\u0119cona historii \u017byd\u00f3w z Trzemeszna\",\"description\":\"Dowiedz si\u0119 wi\u0119cej o \u017bydach z Trzemeszna, ich rodzinach, wspomnieniach oraz Cmentarzu \u017bydowskim w Trzemesznie.\",\"publisher\":{\"@id\":\"https:\/\/zydzi-trzemeszno.pl\/en\/#organization\"},\"potentialAction\":[{\"@type\":\"SearchAction\",\"target\":{\"@type\":\"EntryPoint\",\"urlTemplate\":\"https:\/\/zydzi-trzemeszno.pl\/en\/?s={search_term_string}\"},\"query-input\":{\"@type\":\"PropertyValueSpecification\",\"valueRequired\":true,\"valueName\":\"search_term_string\"}}],\"inLanguage\":\"en-US\"},{\"@type\":\"Organization\",\"@id\":\"https:\/\/zydzi-trzemeszno.pl\/en\/#organization\",\"name\":\"Strona po\u015bwi\u0119cona historii \u017byd\u00f3w z Trzemeszna\",\"url\":\"https:\/\/zydzi-trzemeszno.pl\/en\/\",\"logo\":{\"@type\":\"ImageObject\",\"inLanguage\":\"en-US\",\"@id\":\"https:\/\/zydzi-trzemeszno.pl\/en\/#\/schema\/logo\/image\/\",\"url\":\"http:\/\/zydzi-trzemeszno.pl\/wp-content\/uploads\/2022\/03\/cropped-zydzi-trzem-logo-21.png\",\"contentUrl\":\"http:\/\/zydzi-trzemeszno.pl\/wp-content\/uploads\/2022\/03\/cropped-zydzi-trzem-logo-21.png\",\"width\":200,\"height\":120,\"caption\":\"Strona po\u015bwi\u0119cona historii \u017byd\u00f3w z Trzemeszna\"},\"image\":{\"@id\":\"https:\/\/zydzi-trzemeszno.pl\/en\/#\/schema\/logo\/image\/\"},\"sameAs\":[\"https:\/\/www.facebook.com\/CmentarzZydowskiTrzemeszno\",\"https:\/\/www.youtube.com\/channel\/UCriHe7XL_3BRMosZAKSx77g\"]}]}<\/script>\n<!-- \/ Yoast SEO plugin. -->","yoast_head_json":{"title":"Pomys\u0142 na stron\u0119 - Strona po\u015bwi\u0119cona historii \u017byd\u00f3w z Trzemeszna","robots":{"index":"index","follow":"follow","max-snippet":"max-snippet:-1","max-image-preview":"max-image-preview:large","max-video-preview":"max-video-preview:-1"},"canonical":"http:\/\/zydzi-trzemeszno.pl\/en\/o-nas\/pomysl-na-strone\/","og_locale":"en_US","og_type":"article","og_title":"Pomys\u0142 na stron\u0119 - Strona po\u015bwi\u0119cona historii \u017byd\u00f3w z Trzemeszna","og_description":"Sk\u0105d pomys\u0142 na tak\u0105 stron\u0119? Pomys\u0142 na za\u0142o\u017cenie tej strony by\u0142 odpowiedzi\u0105 na wysuwane wobec mnie oczekiwania napisania ksi\u0105\u017cki o spo\u0142eczno\u015bci \u017cydowskiej zamieszka\u0142ej w Trzemesznie. Nie jestem historykiem i od pocz\u0105tku mia\u0142am powa\u017cne obiekcje, co do zredagowania takiej ksi\u0105\u017cki. Z drugiej strony, w miar\u0119 up\u0142ywaj\u0105cych miesi\u0119cy i przybywania materia\u0142\u00f3w dotycz\u0105cych tej spo\u0142eczno\u015bci ci\u0105\u017cy\u0142a mi my\u015bl,&hellip;&nbsp;Read More &raquo;Pomys\u0142 na stron\u0119","og_url":"http:\/\/zydzi-trzemeszno.pl\/en\/o-nas\/pomysl-na-strone\/","og_site_name":"Strona po\u015bwi\u0119cona historii \u017byd\u00f3w z Trzemeszna","article_publisher":"https:\/\/www.facebook.com\/CmentarzZydowskiTrzemeszno","article_modified_time":"2022-03-19T21:31:41+00:00","og_image":[{"width":1600,"height":350,"url":"http:\/\/zydzi-trzemeszno.pl\/wp-content\/uploads\/2022\/03\/Kopia-Kopia-Kopia-Kopia-Projekt-bez-nazwy-1.png","type":"image\/png"}],"twitter_card":"summary_large_image","twitter_misc":{"Est. reading time":"3 minutes"},"schema":{"@context":"https:\/\/schema.org","@graph":[{"@type":"WebPage","@id":"http:\/\/zydzi-trzemeszno.pl\/en\/o-nas\/pomysl-na-strone\/","url":"http:\/\/zydzi-trzemeszno.pl\/en\/o-nas\/pomysl-na-strone\/","name":"Pomys\u0142 na stron\u0119 - Strona po\u015bwi\u0119cona historii \u017byd\u00f3w z Trzemeszna","isPartOf":{"@id":"https:\/\/zydzi-trzemeszno.pl\/en\/#website"},"primaryImageOfPage":{"@id":"http:\/\/zydzi-trzemeszno.pl\/en\/o-nas\/pomysl-na-strone\/#primaryimage"},"image":{"@id":"http:\/\/zydzi-trzemeszno.pl\/en\/o-nas\/pomysl-na-strone\/#primaryimage"},"thumbnailUrl":"https:\/\/zydzi-trzemeszno.pl\/wp-content\/uploads\/2022\/03\/Kopia-Kopia-Kopia-Kopia-Projekt-bez-nazwy-1.png","datePublished":"2022-02-26T20:32:52+00:00","dateModified":"2022-03-19T21:31:41+00:00","breadcrumb":{"@id":"http:\/\/zydzi-trzemeszno.pl\/en\/o-nas\/pomysl-na-strone\/#breadcrumb"},"inLanguage":"en-US","potentialAction":[{"@type":"ReadAction","target":["http:\/\/zydzi-trzemeszno.pl\/en\/o-nas\/pomysl-na-strone\/"]}]},{"@type":"ImageObject","inLanguage":"en-US","@id":"http:\/\/zydzi-trzemeszno.pl\/en\/o-nas\/pomysl-na-strone\/#primaryimage","url":"https:\/\/zydzi-trzemeszno.pl\/wp-content\/uploads\/2022\/03\/Kopia-Kopia-Kopia-Kopia-Projekt-bez-nazwy-1.png","contentUrl":"https:\/\/zydzi-trzemeszno.pl\/wp-content\/uploads\/2022\/03\/Kopia-Kopia-Kopia-Kopia-Projekt-bez-nazwy-1.png","width":1600,"height":350},{"@type":"BreadcrumbList","@id":"http:\/\/zydzi-trzemeszno.pl\/en\/o-nas\/pomysl-na-strone\/#breadcrumb","itemListElement":[{"@type":"ListItem","position":1,"name":"Strona g\u0142\u00f3wna","item":"https:\/\/zydzi-trzemeszno.pl\/en\/"},{"@type":"ListItem","position":2,"name":"O nas","item":"http:\/\/zydzi-trzemeszno.pl\/en\/?page_id=1650"},{"@type":"ListItem","position":3,"name":"Pomys\u0142 na stron\u0119"}]},{"@type":"WebSite","@id":"https:\/\/zydzi-trzemeszno.pl\/en\/#website","url":"https:\/\/zydzi-trzemeszno.pl\/en\/","name":"Strona po\u015bwi\u0119cona historii \u017byd\u00f3w z Trzemeszna","description":"Dowiedz si\u0119 wi\u0119cej o \u017bydach z Trzemeszna, ich rodzinach, wspomnieniach oraz Cmentarzu \u017bydowskim w Trzemesznie.","publisher":{"@id":"https:\/\/zydzi-trzemeszno.pl\/en\/#organization"},"potentialAction":[{"@type":"SearchAction","target":{"@type":"EntryPoint","urlTemplate":"https:\/\/zydzi-trzemeszno.pl\/en\/?s={search_term_string}"},"query-input":{"@type":"PropertyValueSpecification","valueRequired":true,"valueName":"search_term_string"}}],"inLanguage":"en-US"},{"@type":"Organization","@id":"https:\/\/zydzi-trzemeszno.pl\/en\/#organization","name":"Strona po\u015bwi\u0119cona historii \u017byd\u00f3w z Trzemeszna","url":"https:\/\/zydzi-trzemeszno.pl\/en\/","logo":{"@type":"ImageObject","inLanguage":"en-US","@id":"https:\/\/zydzi-trzemeszno.pl\/en\/#\/schema\/logo\/image\/","url":"http:\/\/zydzi-trzemeszno.pl\/wp-content\/uploads\/2022\/03\/cropped-zydzi-trzem-logo-21.png","contentUrl":"http:\/\/zydzi-trzemeszno.pl\/wp-content\/uploads\/2022\/03\/cropped-zydzi-trzem-logo-21.png","width":200,"height":120,"caption":"Strona po\u015bwi\u0119cona historii \u017byd\u00f3w z Trzemeszna"},"image":{"@id":"https:\/\/zydzi-trzemeszno.pl\/en\/#\/schema\/logo\/image\/"},"sameAs":["https:\/\/www.facebook.com\/CmentarzZydowskiTrzemeszno","https:\/\/www.youtube.com\/channel\/UCriHe7XL_3BRMosZAKSx77g"]}]}},"_links":{"self":[{"href":"https:\/\/zydzi-trzemeszno.pl\/en\/wp-json\/wp\/v2\/pages\/2948","targetHints":{"allow":["GET"]}}],"collection":[{"href":"https:\/\/zydzi-trzemeszno.pl\/en\/wp-json\/wp\/v2\/pages"}],"about":[{"href":"https:\/\/zydzi-trzemeszno.pl\/en\/wp-json\/wp\/v2\/types\/page"}],"author":[{"embeddable":true,"href":"https:\/\/zydzi-trzemeszno.pl\/en\/wp-json\/wp\/v2\/users\/2"}],"replies":[{"embeddable":true,"href":"https:\/\/zydzi-trzemeszno.pl\/en\/wp-json\/wp\/v2\/comments?post=2948"}],"version-history":[{"count":40,"href":"https:\/\/zydzi-trzemeszno.pl\/en\/wp-json\/wp\/v2\/pages\/2948\/revisions"}],"predecessor-version":[{"id":5119,"href":"https:\/\/zydzi-trzemeszno.pl\/en\/wp-json\/wp\/v2\/pages\/2948\/revisions\/5119"}],"up":[{"embeddable":true,"href":"https:\/\/zydzi-trzemeszno.pl\/en\/wp-json\/wp\/v2\/pages\/1650"}],"wp:featuredmedia":[{"embeddable":true,"href":"https:\/\/zydzi-trzemeszno.pl\/en\/wp-json\/wp\/v2\/media\/4333"}],"wp:attachment":[{"href":"https:\/\/zydzi-trzemeszno.pl\/en\/wp-json\/wp\/v2\/media?parent=2948"}],"curies":[{"name":"wp","href":"https:\/\/api.w.org\/{rel}","templated":true}]}}