{"id":1970,"date":"2022-02-11T21:31:50","date_gmt":"2022-02-11T21:31:50","guid":{"rendered":"https:\/\/zydzi-trzemeszno.pl\/?page_id=1970"},"modified":"2022-09-29T00:02:03","modified_gmt":"2022-09-28T22:02:03","slug":"literatura","status":"publish","type":"page","link":"https:\/\/zydzi-trzemeszno.pl\/en\/tradycja-i-kultura\/literatura\/","title":{"rendered":"Literature"},"content":{"rendered":"<div data-elementor-type=\"wp-page\" data-elementor-id=\"1970\" class=\"elementor elementor-1970\">\n\t\t\t\t\t\t<section class=\"elementor-section elementor-top-section elementor-element elementor-element-18891a9 elementor-section-boxed elementor-section-height-default elementor-section-height-default exad-glass-effect-no exad-sticky-section-no\" data-id=\"18891a9\" data-element_type=\"section\">\n\t\t\t\t\t\t<div class=\"elementor-container elementor-column-gap-default\">\n\t\t\t\t\t<div class=\"elementor-column elementor-col-100 elementor-top-column elementor-element elementor-element-63df990 exad-glass-effect-no exad-sticky-section-no\" data-id=\"63df990\" data-element_type=\"column\">\n\t\t\t<div class=\"elementor-widget-wrap elementor-element-populated\">\n\t\t\t\t\t\t<div class=\"elementor-element elementor-element-29642aa exad-sticky-section-no exad-glass-effect-no elementor-widget elementor-widget-spacer\" data-id=\"29642aa\" data-element_type=\"widget\" data-widget_type=\"spacer.default\">\n\t\t\t\t<div class=\"elementor-widget-container\">\n\t\t\t\t\t\t\t<div class=\"elementor-spacer\">\n\t\t\t<div class=\"elementor-spacer-inner\"><\/div>\n\t\t<\/div>\n\t\t\t\t\t\t<\/div>\n\t\t\t\t<\/div>\n\t\t\t\t\t<\/div>\n\t\t<\/div>\n\t\t\t\t\t<\/div>\n\t\t<\/section>\n\t\t\t\t<section class=\"elementor-section elementor-top-section elementor-element elementor-element-9bed944 elementor-section-boxed elementor-section-height-default elementor-section-height-default exad-glass-effect-no exad-sticky-section-no\" data-id=\"9bed944\" data-element_type=\"section\">\n\t\t\t\t\t\t<div class=\"elementor-container elementor-column-gap-default\">\n\t\t\t\t\t<div class=\"elementor-column elementor-col-100 elementor-top-column elementor-element elementor-element-119b0f2 exad-glass-effect-no exad-sticky-section-no\" data-id=\"119b0f2\" data-element_type=\"column\">\n\t\t\t<div class=\"elementor-widget-wrap elementor-element-populated\">\n\t\t\t\t\t\t<div class=\"elementor-element elementor-element-6f1175b exad-sticky-section-no exad-glass-effect-no elementor-widget elementor-widget-wp-widget-rpwe_widget\" data-id=\"6f1175b\" data-element_type=\"widget\" data-widget_type=\"wp-widget-rpwe_widget.default\">\n\t\t\t\t<div class=\"elementor-widget-container\">\n\t\t\t\t\t<style>.rpwe-block ul{\r\nlist-style: none !important;\r\nmargin-left: 0 !important;\r\npadding-left: 0 !important;\r\n}\r\n\r\n.rpwe-block li{\r\nmargin-bottom: 10px;\r\npadding-bottom: 120px;\r\npadding-top:20px;\r\nlist-style-type: none;\r\n}\r\n\r\n.rpwe-block a{\r\ndisplay: inline !important;\r\ntext-decoration: none;\r\n}\r\n\r\n.rpwe-block h3{\r\nbackground: none !important;\r\nclear: none;\r\nmargin-bottom: 0 !important;\r\nmargin-top: 25px !important;\r\nfont-weight: 400;\r\nfont-size: 32px !important;\r\nline-height: 1.5em;\r\n}\r\n\r\n.rpwe-thumb{\r\nbox-shadow: none !important;\r\nmargin: 5px 20px 5px 0;\r\npadding: 3px !important;\r\n}\r\nimg.rpwe-thumb{\r\nborder-radius:10px;\r\n}\r\n.rpwe-summary{\r\nfont-size: 18px;\r\ntext-align: justify;\r\npadding-top: 10px\r\n}\r\n\r\n.rpwe-time{\r\ncolor: #bbb;\r\nfont-size: 18px;\r\n}\r\n\r\n.rpwe-comment{\r\ncolor: #bbb;\r\nfont-size: 11px;\r\npadding-left: 5px;\r\n}\r\n\r\n.rpwe-alignleft{\r\ndisplay: inline;\r\nfloat: left;\r\n}\r\n\r\n.rpwe-alignright{\r\ndisplay: inline;\r\nfloat: right;\r\n}\r\n\r\n.rpwe-aligncenter{\r\ndisplay: block;\r\nmargin-left: auto;\r\nmargin-right: auto;\r\n}\r\n\r\n.rpwe-clearfix:before,\r\n.rpwe-clearfix:after{\r\ncontent: &quot;&quot;;\r\ndisplay: table !important;\r\n}\r\n\r\n.rpwe-clearfix:after{\r\nclear: both;\r\n}\r\n\r\n.rpwe-clearfix{\r\nzoom: 1.1;\r\n}\r\n<\/style><div  class=\"rpwe-block\"><ul class=\"rpwe-ul\"><li class=\"rpwe-li rpwe-clearfix\"><a class=\"rpwe-img\" href=\"https:\/\/zydzi-trzemeszno.pl\/en\/tradycja-i-kultura\/literatura\/dziedzictwo-zydowskie-w-polsce-nasze-czy-nie-nasze\/\" target=\"_self\"><img loading=\"lazy\" class=\"rpwe-alignleft rpwe-thumb\" src=\"https:\/\/zydzi-trzemeszno.pl\/wp-content\/uploads\/2023\/09\/347422885_295315982960394_1509482822873895596_n-450x350.jpg\" alt=\"Dziedzictwo \u017cydowskie w Polsce \u2013 nasze czy nie nasze?\" height=\"350\" width=\"450\" decoding=\"async\"><\/a><h3 class=\"rpwe-title\"><a href=\"https:\/\/zydzi-trzemeszno.pl\/en\/tradycja-i-kultura\/literatura\/dziedzictwo-zydowskie-w-polsce-nasze-czy-nie-nasze\/\" target=\"_self\">Jewish heritage in Poland \u2013 ours or not?<\/a><\/h3><time class=\"rpwe-time published\" datetime=\"2025-07-08T19:54:15+02:00\">8 July, 2025<\/time><div class=\"rpwe-summary\">\"Przywracanie pami\u0119ci o trzemeszenskich Zydach\"  (2025) is a testimony to moral responsibility and the triumph of memory over oblivion. The publication shows how the local community can restore dignity to places and people cast out of history. It is a tribute to those who have passed away and a commitment to the future....<a href=\"https:\/\/zydzi-trzemeszno.pl\/en\/tradycja-i-kultura\/literatura\/dziedzictwo-zydowskie-w-polsce-nasze-czy-nie-nasze\/\" class=\"more-link\">Read More \u00bb<\/a><\/div><\/li><li class=\"rpwe-li rpwe-clearfix\"><a class=\"rpwe-img\" href=\"https:\/\/zydzi-trzemeszno.pl\/en\/tradycja-i-kultura\/literatura\/kolysanka-makh-tsi-di-eygelekh-zamknij-oczka-z-lodzkiego-getta\/\" target=\"_self\"><img loading=\"lazy\" class=\"rpwe-alignleft rpwe-thumb\" src=\"https:\/\/zydzi-trzemeszno.pl\/wp-content\/uploads\/2022\/04\/piano-nuty-450x350.jpg\" alt=\"Ko\u0142ysanka Makh tsi di eygelekh (Zamknij oczka) z \u0142\u00f3dzkiego getta\" height=\"350\" width=\"450\" decoding=\"async\"><\/a><h3 class=\"rpwe-title\"><a href=\"https:\/\/zydzi-trzemeszno.pl\/en\/tradycja-i-kultura\/literatura\/kolysanka-makh-tsi-di-eygelekh-zamknij-oczka-z-lodzkiego-getta\/\" target=\"_self\">Lullaby from the Lodz Ghetto \"Makh tsi di eygelekh\" (\"Close your eyes\")<\/a><\/h3><time class=\"rpwe-time published\" datetime=\"2022-04-27T23:28:20+02:00\">27 April, 2022<\/time><div class=\"rpwe-summary\">On the occasion of Yom ha-Shoah, which is Holocaust Remembrance Day and falls this year on April 28th, Eytan Pessen \u2013 a world-renowned musician and educator, descendant of Samuel Wrzesinski of Mogilno (possibly related to the Jewish family of the Wreszinskis from Trzemeszno) \u2013 has prepared, especially for us, a recording of a Jewish song written in the Lodz ghetto ...<a href=\"https:\/\/zydzi-trzemeszno.pl\/en\/tradycja-i-kultura\/literatura\/kolysanka-makh-tsi-di-eygelekh-zamknij-oczka-z-lodzkiego-getta\/\" class=\"more-link\">Read More \u00bb<\/a><\/div><\/li><\/ul><\/div><!-- Generated by http:\/\/wordpress.org\/plugins\/recent-posts-widget-extended\/ -->\t\t\t\t<\/div>\n\t\t\t\t<\/div>\n\t\t\t\t\t<\/div>\n\t\t<\/div>\n\t\t\t\t\t<\/div>\n\t\t<\/section>\n\t\t\t\t<\/div>","protected":false},"excerpt":{"rendered":"","protected":false},"author":1,"featured_media":4191,"parent":1639,"menu_order":0,"comment_status":"closed","ping_status":"closed","template":"page-templates\/template-pagebuilder-full-width.php","meta":{"neve_meta_sidebar":"","neve_meta_container":"","neve_meta_enable_content_width":"","neve_meta_content_width":0,"neve_meta_title_alignment":"","neve_meta_author_avatar":"","neve_post_elements_order":"","neve_meta_disable_header":"","neve_meta_disable_footer":"","neve_meta_disable_title":"","_themeisle_gutenberg_block_has_review":false,"_ti_tpc_template_sync":false,"_ti_tpc_template_id":"","footnotes":""},"class_list":["post-1970","page","type-page","status-publish","has-post-thumbnail","hentry"],"acf":[],"yoast_head":"<!-- This site is optimized with the Yoast SEO plugin v24.2 - https:\/\/yoast.com\/wordpress\/plugins\/seo\/ -->\n<title>Literatura - Strona po\u015bwi\u0119cona historii \u017byd\u00f3w z Trzemeszna<\/title>\n<meta name=\"robots\" content=\"index, follow, max-snippet:-1, max-image-preview:large, max-video-preview:-1\" \/>\n<link rel=\"canonical\" href=\"http:\/\/zydzi-trzemeszno.pl\/en\/tradycja-i-kultura\/literatura\/\" \/>\n<meta property=\"og:locale\" content=\"en_US\" \/>\n<meta property=\"og:type\" content=\"article\" \/>\n<meta property=\"og:title\" content=\"Literatura - Strona po\u015bwi\u0119cona historii \u017byd\u00f3w z Trzemeszna\" \/>\n<meta property=\"og:url\" content=\"http:\/\/zydzi-trzemeszno.pl\/en\/tradycja-i-kultura\/literatura\/\" \/>\n<meta property=\"og:site_name\" content=\"Strona po\u015bwi\u0119cona historii \u017byd\u00f3w z Trzemeszna\" \/>\n<meta property=\"article:publisher\" content=\"https:\/\/www.facebook.com\/CmentarzZydowskiTrzemeszno\" \/>\n<meta property=\"article:modified_time\" content=\"2022-09-28T22:02:03+00:00\" \/>\n<meta property=\"og:image\" content=\"http:\/\/zydzi-trzemeszno.pl\/wp-content\/uploads\/2022\/03\/Kopia-Kopia-Kopia-Projekt-bez-nazwy-1.png\" \/>\n\t<meta property=\"og:image:width\" content=\"1600\" \/>\n\t<meta property=\"og:image:height\" content=\"350\" \/>\n\t<meta property=\"og:image:type\" content=\"image\/png\" \/>\n<meta name=\"twitter:card\" content=\"summary_large_image\" \/>\n<meta name=\"twitter:label1\" content=\"Est. reading time\" \/>\n\t<meta name=\"twitter:data1\" content=\"2 minutes\" \/>\n<script type=\"application\/ld+json\" class=\"yoast-schema-graph\">{\"@context\":\"https:\/\/schema.org\",\"@graph\":[{\"@type\":\"WebPage\",\"@id\":\"http:\/\/zydzi-trzemeszno.pl\/tradycja-i-kultura\/literatura\/\",\"url\":\"http:\/\/zydzi-trzemeszno.pl\/tradycja-i-kultura\/literatura\/\",\"name\":\"Literatura - Strona po\u015bwi\u0119cona historii \u017byd\u00f3w z Trzemeszna\",\"isPartOf\":{\"@id\":\"https:\/\/zydzi-trzemeszno.pl\/en\/#website\"},\"primaryImageOfPage\":{\"@id\":\"http:\/\/zydzi-trzemeszno.pl\/tradycja-i-kultura\/literatura\/#primaryimage\"},\"image\":{\"@id\":\"http:\/\/zydzi-trzemeszno.pl\/tradycja-i-kultura\/literatura\/#primaryimage\"},\"thumbnailUrl\":\"https:\/\/zydzi-trzemeszno.pl\/wp-content\/uploads\/2022\/03\/Kopia-Kopia-Kopia-Projekt-bez-nazwy-1.png\",\"datePublished\":\"2022-02-11T21:31:50+00:00\",\"dateModified\":\"2022-09-28T22:02:03+00:00\",\"breadcrumb\":{\"@id\":\"http:\/\/zydzi-trzemeszno.pl\/tradycja-i-kultura\/literatura\/#breadcrumb\"},\"inLanguage\":\"en-US\",\"potentialAction\":[{\"@type\":\"ReadAction\",\"target\":[\"http:\/\/zydzi-trzemeszno.pl\/tradycja-i-kultura\/literatura\/\"]}]},{\"@type\":\"ImageObject\",\"inLanguage\":\"en-US\",\"@id\":\"http:\/\/zydzi-trzemeszno.pl\/tradycja-i-kultura\/literatura\/#primaryimage\",\"url\":\"https:\/\/zydzi-trzemeszno.pl\/wp-content\/uploads\/2022\/03\/Kopia-Kopia-Kopia-Projekt-bez-nazwy-1.png\",\"contentUrl\":\"https:\/\/zydzi-trzemeszno.pl\/wp-content\/uploads\/2022\/03\/Kopia-Kopia-Kopia-Projekt-bez-nazwy-1.png\",\"width\":1600,\"height\":350},{\"@type\":\"BreadcrumbList\",\"@id\":\"http:\/\/zydzi-trzemeszno.pl\/tradycja-i-kultura\/literatura\/#breadcrumb\",\"itemListElement\":[{\"@type\":\"ListItem\",\"position\":1,\"name\":\"Strona g\u0142\u00f3wna\",\"item\":\"https:\/\/zydzi-trzemeszno.pl\/en\/\"},{\"@type\":\"ListItem\",\"position\":2,\"name\":\"Tradycja i kultura\",\"item\":\"http:\/\/zydzi-trzemeszno.pl\/?page_id=1639\"},{\"@type\":\"ListItem\",\"position\":3,\"name\":\"Literatura\"}]},{\"@type\":\"WebSite\",\"@id\":\"https:\/\/zydzi-trzemeszno.pl\/en\/#website\",\"url\":\"https:\/\/zydzi-trzemeszno.pl\/en\/\",\"name\":\"Strona po\u015bwi\u0119cona historii \u017byd\u00f3w z Trzemeszna\",\"description\":\"Dowiedz si\u0119 wi\u0119cej o \u017bydach z Trzemeszna, ich rodzinach, wspomnieniach oraz Cmentarzu \u017bydowskim w Trzemesznie.\",\"publisher\":{\"@id\":\"https:\/\/zydzi-trzemeszno.pl\/en\/#organization\"},\"potentialAction\":[{\"@type\":\"SearchAction\",\"target\":{\"@type\":\"EntryPoint\",\"urlTemplate\":\"https:\/\/zydzi-trzemeszno.pl\/en\/?s={search_term_string}\"},\"query-input\":{\"@type\":\"PropertyValueSpecification\",\"valueRequired\":true,\"valueName\":\"search_term_string\"}}],\"inLanguage\":\"en-US\"},{\"@type\":\"Organization\",\"@id\":\"https:\/\/zydzi-trzemeszno.pl\/en\/#organization\",\"name\":\"Strona po\u015bwi\u0119cona historii \u017byd\u00f3w z Trzemeszna\",\"url\":\"https:\/\/zydzi-trzemeszno.pl\/en\/\",\"logo\":{\"@type\":\"ImageObject\",\"inLanguage\":\"en-US\",\"@id\":\"https:\/\/zydzi-trzemeszno.pl\/en\/#\/schema\/logo\/image\/\",\"url\":\"http:\/\/zydzi-trzemeszno.pl\/wp-content\/uploads\/2022\/03\/cropped-zydzi-trzem-logo-21.png\",\"contentUrl\":\"http:\/\/zydzi-trzemeszno.pl\/wp-content\/uploads\/2022\/03\/cropped-zydzi-trzem-logo-21.png\",\"width\":200,\"height\":120,\"caption\":\"Strona po\u015bwi\u0119cona historii \u017byd\u00f3w z Trzemeszna\"},\"image\":{\"@id\":\"https:\/\/zydzi-trzemeszno.pl\/en\/#\/schema\/logo\/image\/\"},\"sameAs\":[\"https:\/\/www.facebook.com\/CmentarzZydowskiTrzemeszno\",\"https:\/\/www.youtube.com\/channel\/UCriHe7XL_3BRMosZAKSx77g\"]}]}<\/script>\n<!-- \/ Yoast SEO plugin. -->","yoast_head_json":{"title":"Literatura - Strona po\u015bwi\u0119cona historii \u017byd\u00f3w z Trzemeszna","robots":{"index":"index","follow":"follow","max-snippet":"max-snippet:-1","max-image-preview":"max-image-preview:large","max-video-preview":"max-video-preview:-1"},"canonical":"http:\/\/zydzi-trzemeszno.pl\/en\/tradycja-i-kultura\/literatura\/","og_locale":"en_US","og_type":"article","og_title":"Literatura - Strona po\u015bwi\u0119cona historii \u017byd\u00f3w z Trzemeszna","og_url":"http:\/\/zydzi-trzemeszno.pl\/en\/tradycja-i-kultura\/literatura\/","og_site_name":"Strona po\u015bwi\u0119cona historii \u017byd\u00f3w z Trzemeszna","article_publisher":"https:\/\/www.facebook.com\/CmentarzZydowskiTrzemeszno","article_modified_time":"2022-09-28T22:02:03+00:00","og_image":[{"width":1600,"height":350,"url":"http:\/\/zydzi-trzemeszno.pl\/wp-content\/uploads\/2022\/03\/Kopia-Kopia-Kopia-Projekt-bez-nazwy-1.png","type":"image\/png"}],"twitter_card":"summary_large_image","twitter_misc":{"Est. reading time":"2 minutes"},"schema":{"@context":"https:\/\/schema.org","@graph":[{"@type":"WebPage","@id":"http:\/\/zydzi-trzemeszno.pl\/tradycja-i-kultura\/literatura\/","url":"http:\/\/zydzi-trzemeszno.pl\/tradycja-i-kultura\/literatura\/","name":"Literatura - Strona po\u015bwi\u0119cona historii \u017byd\u00f3w z Trzemeszna","isPartOf":{"@id":"https:\/\/zydzi-trzemeszno.pl\/en\/#website"},"primaryImageOfPage":{"@id":"http:\/\/zydzi-trzemeszno.pl\/tradycja-i-kultura\/literatura\/#primaryimage"},"image":{"@id":"http:\/\/zydzi-trzemeszno.pl\/tradycja-i-kultura\/literatura\/#primaryimage"},"thumbnailUrl":"https:\/\/zydzi-trzemeszno.pl\/wp-content\/uploads\/2022\/03\/Kopia-Kopia-Kopia-Projekt-bez-nazwy-1.png","datePublished":"2022-02-11T21:31:50+00:00","dateModified":"2022-09-28T22:02:03+00:00","breadcrumb":{"@id":"http:\/\/zydzi-trzemeszno.pl\/tradycja-i-kultura\/literatura\/#breadcrumb"},"inLanguage":"en-US","potentialAction":[{"@type":"ReadAction","target":["http:\/\/zydzi-trzemeszno.pl\/tradycja-i-kultura\/literatura\/"]}]},{"@type":"ImageObject","inLanguage":"en-US","@id":"http:\/\/zydzi-trzemeszno.pl\/tradycja-i-kultura\/literatura\/#primaryimage","url":"https:\/\/zydzi-trzemeszno.pl\/wp-content\/uploads\/2022\/03\/Kopia-Kopia-Kopia-Projekt-bez-nazwy-1.png","contentUrl":"https:\/\/zydzi-trzemeszno.pl\/wp-content\/uploads\/2022\/03\/Kopia-Kopia-Kopia-Projekt-bez-nazwy-1.png","width":1600,"height":350},{"@type":"BreadcrumbList","@id":"http:\/\/zydzi-trzemeszno.pl\/tradycja-i-kultura\/literatura\/#breadcrumb","itemListElement":[{"@type":"ListItem","position":1,"name":"Strona g\u0142\u00f3wna","item":"https:\/\/zydzi-trzemeszno.pl\/en\/"},{"@type":"ListItem","position":2,"name":"Tradycja i kultura","item":"http:\/\/zydzi-trzemeszno.pl\/?page_id=1639"},{"@type":"ListItem","position":3,"name":"Literatura"}]},{"@type":"WebSite","@id":"https:\/\/zydzi-trzemeszno.pl\/en\/#website","url":"https:\/\/zydzi-trzemeszno.pl\/en\/","name":"Strona po\u015bwi\u0119cona historii \u017byd\u00f3w z Trzemeszna","description":"Dowiedz si\u0119 wi\u0119cej o \u017bydach z Trzemeszna, ich rodzinach, wspomnieniach oraz Cmentarzu \u017bydowskim w Trzemesznie.","publisher":{"@id":"https:\/\/zydzi-trzemeszno.pl\/en\/#organization"},"potentialAction":[{"@type":"SearchAction","target":{"@type":"EntryPoint","urlTemplate":"https:\/\/zydzi-trzemeszno.pl\/en\/?s={search_term_string}"},"query-input":{"@type":"PropertyValueSpecification","valueRequired":true,"valueName":"search_term_string"}}],"inLanguage":"en-US"},{"@type":"Organization","@id":"https:\/\/zydzi-trzemeszno.pl\/en\/#organization","name":"Strona po\u015bwi\u0119cona historii \u017byd\u00f3w z Trzemeszna","url":"https:\/\/zydzi-trzemeszno.pl\/en\/","logo":{"@type":"ImageObject","inLanguage":"en-US","@id":"https:\/\/zydzi-trzemeszno.pl\/en\/#\/schema\/logo\/image\/","url":"http:\/\/zydzi-trzemeszno.pl\/wp-content\/uploads\/2022\/03\/cropped-zydzi-trzem-logo-21.png","contentUrl":"http:\/\/zydzi-trzemeszno.pl\/wp-content\/uploads\/2022\/03\/cropped-zydzi-trzem-logo-21.png","width":200,"height":120,"caption":"Strona po\u015bwi\u0119cona historii \u017byd\u00f3w z Trzemeszna"},"image":{"@id":"https:\/\/zydzi-trzemeszno.pl\/en\/#\/schema\/logo\/image\/"},"sameAs":["https:\/\/www.facebook.com\/CmentarzZydowskiTrzemeszno","https:\/\/www.youtube.com\/channel\/UCriHe7XL_3BRMosZAKSx77g"]}]}},"_links":{"self":[{"href":"https:\/\/zydzi-trzemeszno.pl\/en\/wp-json\/wp\/v2\/pages\/1970","targetHints":{"allow":["GET"]}}],"collection":[{"href":"https:\/\/zydzi-trzemeszno.pl\/en\/wp-json\/wp\/v2\/pages"}],"about":[{"href":"https:\/\/zydzi-trzemeszno.pl\/en\/wp-json\/wp\/v2\/types\/page"}],"author":[{"embeddable":true,"href":"https:\/\/zydzi-trzemeszno.pl\/en\/wp-json\/wp\/v2\/users\/1"}],"replies":[{"embeddable":true,"href":"https:\/\/zydzi-trzemeszno.pl\/en\/wp-json\/wp\/v2\/comments?post=1970"}],"version-history":[{"count":16,"href":"https:\/\/zydzi-trzemeszno.pl\/en\/wp-json\/wp\/v2\/pages\/1970\/revisions"}],"predecessor-version":[{"id":6086,"href":"https:\/\/zydzi-trzemeszno.pl\/en\/wp-json\/wp\/v2\/pages\/1970\/revisions\/6086"}],"up":[{"embeddable":true,"href":"https:\/\/zydzi-trzemeszno.pl\/en\/wp-json\/wp\/v2\/pages\/1639"}],"wp:featuredmedia":[{"embeddable":true,"href":"https:\/\/zydzi-trzemeszno.pl\/en\/wp-json\/wp\/v2\/media\/4191"}],"wp:attachment":[{"href":"https:\/\/zydzi-trzemeszno.pl\/en\/wp-json\/wp\/v2\/media?parent=1970"}],"curies":[{"name":"wp","href":"https:\/\/api.w.org\/{rel}","templated":true}]}}