{"id":1969,"date":"2022-02-11T21:31:50","date_gmt":"2022-02-11T21:31:50","guid":{"rendered":"https:\/\/zydzi-trzemeszno.pl\/?page_id=1969"},"modified":"2022-09-29T00:01:15","modified_gmt":"2022-09-28T22:01:15","slug":"obyczaje","status":"publish","type":"page","link":"https:\/\/zydzi-trzemeszno.pl\/en\/tradycja-i-kultura\/obyczaje\/","title":{"rendered":"Customs"},"content":{"rendered":"<div data-elementor-type=\"wp-page\" data-elementor-id=\"1969\" class=\"elementor elementor-1969\">\n\t\t\t\t\t\t<section class=\"elementor-section elementor-top-section elementor-element elementor-element-32cd9f5 elementor-section-boxed elementor-section-height-default elementor-section-height-default exad-glass-effect-no exad-sticky-section-no\" data-id=\"32cd9f5\" data-element_type=\"section\">\n\t\t\t\t\t\t<div class=\"elementor-container elementor-column-gap-default\">\n\t\t\t\t\t<div class=\"elementor-column elementor-col-100 elementor-top-column elementor-element elementor-element-cf3e7c6 exad-glass-effect-no exad-sticky-section-no\" data-id=\"cf3e7c6\" data-element_type=\"column\">\n\t\t\t<div class=\"elementor-widget-wrap elementor-element-populated\">\n\t\t\t\t\t\t<div class=\"elementor-element elementor-element-2920d41 exad-sticky-section-no exad-glass-effect-no elementor-widget elementor-widget-wp-widget-rpwe_widget\" data-id=\"2920d41\" data-element_type=\"widget\" data-widget_type=\"wp-widget-rpwe_widget.default\">\n\t\t\t\t<div class=\"elementor-widget-container\">\n\t\t\t\t\t<style>.rpwe-block ul{\r\nlist-style: none !important;\r\nmargin-left: 0 !important;\r\npadding-left: 0 !important;\r\n}\r\n\r\n.rpwe-block li{\r\nmargin-bottom: 10px;\r\npadding-bottom: 120px;\r\npadding-top:20px;\r\nlist-style-type: none;\r\n}\r\n\r\n.rpwe-block a{\r\ndisplay: inline !important;\r\ntext-decoration: none;\r\n}\r\n\r\n.rpwe-block h3{\r\nbackground: none !important;\r\nclear: none;\r\nmargin-bottom: 0 !important;\r\nmargin-top: 25px !important;\r\nfont-weight: 400;\r\nfont-size: 32px !important;\r\nline-height: 1.5em;\r\n}\r\n\r\n.rpwe-thumb{\r\nbox-shadow: none !important;\r\nmargin: 5px 20px 5px 0;\r\npadding: 3px !important;\r\n}\r\nimg.rpwe-thumb{\r\nborder-radius:10px;\r\n}\r\n.rpwe-summary{\r\nfont-size: 18px;\r\ntext-align: justify;\r\npadding-top: 10px\r\n}\r\n\r\n.rpwe-time{\r\ncolor: #bbb;\r\nfont-size: 18px;\r\n}\r\n\r\n.rpwe-comment{\r\ncolor: #bbb;\r\nfont-size: 11px;\r\npadding-left: 5px;\r\n}\r\n\r\n.rpwe-alignleft{\r\ndisplay: inline;\r\nfloat: left;\r\n}\r\n\r\n.rpwe-alignright{\r\ndisplay: inline;\r\nfloat: right;\r\n}\r\n\r\n.rpwe-aligncenter{\r\ndisplay: block;\r\nmargin-left: auto;\r\nmargin-right: auto;\r\n}\r\n\r\n.rpwe-clearfix:before,\r\n.rpwe-clearfix:after{\r\ncontent: &quot;&quot;;\r\ndisplay: table !important;\r\n}\r\n\r\n.rpwe-clearfix:after{\r\nclear: both;\r\n}\r\n\r\n.rpwe-clearfix{\r\nzoom: 1.1;\r\n}\r\n<\/style><div  class=\"rpwe-block\"><ul class=\"rpwe-ul\"><li class=\"rpwe-li rpwe-clearfix\"><a class=\"rpwe-img\" href=\"https:\/\/zydzi-trzemeszno.pl\/en\/tradycja-i-kultura\/obyczaje\/jeden-rabin-powie-tak-a-inny-rabin-powie-tak-dlaczego\/\" target=\"_self\"><img loading=\"lazy\" class=\"rpwe-alignleft rpwe-thumb\" src=\"https:\/\/zydzi-trzemeszno.pl\/wp-content\/uploads\/2022\/04\/zyd-ksiegi-pisma-kopia-450x350.jpg\" alt=\"Jeden rabin powie tak, a inny rabin powie tak. Dlaczego?\" height=\"350\" width=\"450\" decoding=\"async\"><\/a><h3 class=\"rpwe-title\"><a href=\"https:\/\/zydzi-trzemeszno.pl\/en\/tradycja-i-kultura\/obyczaje\/jeden-rabin-powie-tak-a-inny-rabin-powie-tak-dlaczego\/\" target=\"_self\">One rabbi will say this, and another rabbi will say that. Why?<\/a><\/h3><time class=\"rpwe-time published\" datetime=\"2022-04-25T23:17:26+02:00\">25 April, 2022<\/time><div class=\"rpwe-summary\">The title phrase is not only a well-known saying that some people use as an answer if they are asked a question, but also an invitation to think about who the rabbi is, what his tasks are, and why one of them will say \"yes\" and another \"no\". It is also a beautiful Jewish saying that, regrettably, is sometimes used pejoratively and mockingly ...<a href=\"https:\/\/zydzi-trzemeszno.pl\/en\/tradycja-i-kultura\/obyczaje\/jeden-rabin-powie-tak-a-inny-rabin-powie-tak-dlaczego\/\" class=\"more-link\">Read More \u00bb<\/a><\/div><\/li><\/ul><\/div><!-- Generated by http:\/\/wordpress.org\/plugins\/recent-posts-widget-extended\/ -->\t\t\t\t<\/div>\n\t\t\t\t<\/div>\n\t\t\t\t\t<\/div>\n\t\t<\/div>\n\t\t\t\t\t<\/div>\n\t\t<\/section>\n\t\t\t\t<\/div>","protected":false},"excerpt":{"rendered":"","protected":false},"author":1,"featured_media":4195,"parent":1639,"menu_order":0,"comment_status":"closed","ping_status":"closed","template":"page-templates\/template-pagebuilder-full-width.php","meta":{"neve_meta_sidebar":"","neve_meta_container":"","neve_meta_enable_content_width":"","neve_meta_content_width":0,"neve_meta_title_alignment":"","neve_meta_author_avatar":"","neve_post_elements_order":"","neve_meta_disable_header":"","neve_meta_disable_footer":"","neve_meta_disable_title":"","_themeisle_gutenberg_block_has_review":false,"_ti_tpc_template_sync":false,"_ti_tpc_template_id":"","footnotes":""},"class_list":["post-1969","page","type-page","status-publish","has-post-thumbnail","hentry"],"acf":[],"yoast_head":"<!-- This site is optimized with the Yoast SEO plugin v24.2 - https:\/\/yoast.com\/wordpress\/plugins\/seo\/ -->\n<title>Obyczaje - Strona po\u015bwi\u0119cona historii \u017byd\u00f3w z Trzemeszna<\/title>\n<meta name=\"robots\" content=\"index, follow, max-snippet:-1, max-image-preview:large, max-video-preview:-1\" \/>\n<link rel=\"canonical\" href=\"https:\/\/zydzi-trzemeszno.pl\/en\/tradycja-i-kultura\/obyczaje\/\" \/>\n<meta property=\"og:locale\" content=\"en_US\" \/>\n<meta property=\"og:type\" content=\"article\" \/>\n<meta property=\"og:title\" content=\"Obyczaje - Strona po\u015bwi\u0119cona historii \u017byd\u00f3w z Trzemeszna\" \/>\n<meta property=\"og:url\" content=\"https:\/\/zydzi-trzemeszno.pl\/en\/tradycja-i-kultura\/obyczaje\/\" \/>\n<meta property=\"og:site_name\" content=\"Strona po\u015bwi\u0119cona historii \u017byd\u00f3w z Trzemeszna\" \/>\n<meta property=\"article:publisher\" content=\"https:\/\/www.facebook.com\/CmentarzZydowskiTrzemeszno\" \/>\n<meta property=\"article:modified_time\" content=\"2022-09-28T22:01:15+00:00\" \/>\n<meta property=\"og:image\" content=\"https:\/\/zydzi-trzemeszno.pl\/wp-content\/uploads\/2022\/03\/Kopia-Kopia-Kopia-Kopia-Projekt-bez-nazwy.png\" \/>\n\t<meta property=\"og:image:width\" content=\"1600\" \/>\n\t<meta property=\"og:image:height\" content=\"350\" \/>\n\t<meta property=\"og:image:type\" content=\"image\/png\" \/>\n<meta name=\"twitter:card\" content=\"summary_large_image\" \/>\n<meta name=\"twitter:label1\" content=\"Est. reading time\" \/>\n\t<meta name=\"twitter:data1\" content=\"2 minutes\" \/>\n<script type=\"application\/ld+json\" class=\"yoast-schema-graph\">{\"@context\":\"https:\/\/schema.org\",\"@graph\":[{\"@type\":\"WebPage\",\"@id\":\"https:\/\/zydzi-trzemeszno.pl\/en\/tradycja-i-kultura\/obyczaje\/\",\"url\":\"https:\/\/zydzi-trzemeszno.pl\/en\/tradycja-i-kultura\/obyczaje\/\",\"name\":\"Obyczaje - Strona po\u015bwi\u0119cona historii \u017byd\u00f3w z Trzemeszna\",\"isPartOf\":{\"@id\":\"https:\/\/zydzi-trzemeszno.pl\/en\/#website\"},\"primaryImageOfPage\":{\"@id\":\"https:\/\/zydzi-trzemeszno.pl\/en\/tradycja-i-kultura\/obyczaje\/#primaryimage\"},\"image\":{\"@id\":\"https:\/\/zydzi-trzemeszno.pl\/en\/tradycja-i-kultura\/obyczaje\/#primaryimage\"},\"thumbnailUrl\":\"https:\/\/zydzi-trzemeszno.pl\/wp-content\/uploads\/2022\/03\/Kopia-Kopia-Kopia-Kopia-Projekt-bez-nazwy.png\",\"datePublished\":\"2022-02-11T21:31:50+00:00\",\"dateModified\":\"2022-09-28T22:01:15+00:00\",\"breadcrumb\":{\"@id\":\"https:\/\/zydzi-trzemeszno.pl\/en\/tradycja-i-kultura\/obyczaje\/#breadcrumb\"},\"inLanguage\":\"en-US\",\"potentialAction\":[{\"@type\":\"ReadAction\",\"target\":[\"https:\/\/zydzi-trzemeszno.pl\/en\/tradycja-i-kultura\/obyczaje\/\"]}]},{\"@type\":\"ImageObject\",\"inLanguage\":\"en-US\",\"@id\":\"https:\/\/zydzi-trzemeszno.pl\/en\/tradycja-i-kultura\/obyczaje\/#primaryimage\",\"url\":\"https:\/\/zydzi-trzemeszno.pl\/wp-content\/uploads\/2022\/03\/Kopia-Kopia-Kopia-Kopia-Projekt-bez-nazwy.png\",\"contentUrl\":\"https:\/\/zydzi-trzemeszno.pl\/wp-content\/uploads\/2022\/03\/Kopia-Kopia-Kopia-Kopia-Projekt-bez-nazwy.png\",\"width\":1600,\"height\":350},{\"@type\":\"BreadcrumbList\",\"@id\":\"https:\/\/zydzi-trzemeszno.pl\/en\/tradycja-i-kultura\/obyczaje\/#breadcrumb\",\"itemListElement\":[{\"@type\":\"ListItem\",\"position\":1,\"name\":\"Strona g\u0142\u00f3wna\",\"item\":\"https:\/\/zydzi-trzemeszno.pl\/en\/\"},{\"@type\":\"ListItem\",\"position\":2,\"name\":\"Tradycja i kultura\",\"item\":\"http:\/\/zydzi-trzemeszno.pl\/?page_id=1639\"},{\"@type\":\"ListItem\",\"position\":3,\"name\":\"Obyczaje\"}]},{\"@type\":\"WebSite\",\"@id\":\"https:\/\/zydzi-trzemeszno.pl\/en\/#website\",\"url\":\"https:\/\/zydzi-trzemeszno.pl\/en\/\",\"name\":\"Strona po\u015bwi\u0119cona historii \u017byd\u00f3w z Trzemeszna\",\"description\":\"Dowiedz si\u0119 wi\u0119cej o \u017bydach z Trzemeszna, ich rodzinach, wspomnieniach oraz Cmentarzu \u017bydowskim w Trzemesznie.\",\"publisher\":{\"@id\":\"https:\/\/zydzi-trzemeszno.pl\/en\/#organization\"},\"potentialAction\":[{\"@type\":\"SearchAction\",\"target\":{\"@type\":\"EntryPoint\",\"urlTemplate\":\"https:\/\/zydzi-trzemeszno.pl\/en\/?s={search_term_string}\"},\"query-input\":{\"@type\":\"PropertyValueSpecification\",\"valueRequired\":true,\"valueName\":\"search_term_string\"}}],\"inLanguage\":\"en-US\"},{\"@type\":\"Organization\",\"@id\":\"https:\/\/zydzi-trzemeszno.pl\/en\/#organization\",\"name\":\"Strona po\u015bwi\u0119cona historii \u017byd\u00f3w z Trzemeszna\",\"url\":\"https:\/\/zydzi-trzemeszno.pl\/en\/\",\"logo\":{\"@type\":\"ImageObject\",\"inLanguage\":\"en-US\",\"@id\":\"https:\/\/zydzi-trzemeszno.pl\/en\/#\/schema\/logo\/image\/\",\"url\":\"http:\/\/zydzi-trzemeszno.pl\/wp-content\/uploads\/2022\/03\/cropped-zydzi-trzem-logo-21.png\",\"contentUrl\":\"http:\/\/zydzi-trzemeszno.pl\/wp-content\/uploads\/2022\/03\/cropped-zydzi-trzem-logo-21.png\",\"width\":200,\"height\":120,\"caption\":\"Strona po\u015bwi\u0119cona historii \u017byd\u00f3w z Trzemeszna\"},\"image\":{\"@id\":\"https:\/\/zydzi-trzemeszno.pl\/en\/#\/schema\/logo\/image\/\"},\"sameAs\":[\"https:\/\/www.facebook.com\/CmentarzZydowskiTrzemeszno\",\"https:\/\/www.youtube.com\/channel\/UCriHe7XL_3BRMosZAKSx77g\"]}]}<\/script>\n<!-- \/ Yoast SEO plugin. -->","yoast_head_json":{"title":"Obyczaje - Strona po\u015bwi\u0119cona historii \u017byd\u00f3w z Trzemeszna","robots":{"index":"index","follow":"follow","max-snippet":"max-snippet:-1","max-image-preview":"max-image-preview:large","max-video-preview":"max-video-preview:-1"},"canonical":"https:\/\/zydzi-trzemeszno.pl\/en\/tradycja-i-kultura\/obyczaje\/","og_locale":"en_US","og_type":"article","og_title":"Obyczaje - Strona po\u015bwi\u0119cona historii \u017byd\u00f3w z Trzemeszna","og_url":"https:\/\/zydzi-trzemeszno.pl\/en\/tradycja-i-kultura\/obyczaje\/","og_site_name":"Strona po\u015bwi\u0119cona historii \u017byd\u00f3w z Trzemeszna","article_publisher":"https:\/\/www.facebook.com\/CmentarzZydowskiTrzemeszno","article_modified_time":"2022-09-28T22:01:15+00:00","og_image":[{"width":1600,"height":350,"url":"https:\/\/zydzi-trzemeszno.pl\/wp-content\/uploads\/2022\/03\/Kopia-Kopia-Kopia-Kopia-Projekt-bez-nazwy.png","type":"image\/png"}],"twitter_card":"summary_large_image","twitter_misc":{"Est. reading time":"2 minutes"},"schema":{"@context":"https:\/\/schema.org","@graph":[{"@type":"WebPage","@id":"https:\/\/zydzi-trzemeszno.pl\/en\/tradycja-i-kultura\/obyczaje\/","url":"https:\/\/zydzi-trzemeszno.pl\/en\/tradycja-i-kultura\/obyczaje\/","name":"Obyczaje - Strona po\u015bwi\u0119cona historii \u017byd\u00f3w z Trzemeszna","isPartOf":{"@id":"https:\/\/zydzi-trzemeszno.pl\/en\/#website"},"primaryImageOfPage":{"@id":"https:\/\/zydzi-trzemeszno.pl\/en\/tradycja-i-kultura\/obyczaje\/#primaryimage"},"image":{"@id":"https:\/\/zydzi-trzemeszno.pl\/en\/tradycja-i-kultura\/obyczaje\/#primaryimage"},"thumbnailUrl":"https:\/\/zydzi-trzemeszno.pl\/wp-content\/uploads\/2022\/03\/Kopia-Kopia-Kopia-Kopia-Projekt-bez-nazwy.png","datePublished":"2022-02-11T21:31:50+00:00","dateModified":"2022-09-28T22:01:15+00:00","breadcrumb":{"@id":"https:\/\/zydzi-trzemeszno.pl\/en\/tradycja-i-kultura\/obyczaje\/#breadcrumb"},"inLanguage":"en-US","potentialAction":[{"@type":"ReadAction","target":["https:\/\/zydzi-trzemeszno.pl\/en\/tradycja-i-kultura\/obyczaje\/"]}]},{"@type":"ImageObject","inLanguage":"en-US","@id":"https:\/\/zydzi-trzemeszno.pl\/en\/tradycja-i-kultura\/obyczaje\/#primaryimage","url":"https:\/\/zydzi-trzemeszno.pl\/wp-content\/uploads\/2022\/03\/Kopia-Kopia-Kopia-Kopia-Projekt-bez-nazwy.png","contentUrl":"https:\/\/zydzi-trzemeszno.pl\/wp-content\/uploads\/2022\/03\/Kopia-Kopia-Kopia-Kopia-Projekt-bez-nazwy.png","width":1600,"height":350},{"@type":"BreadcrumbList","@id":"https:\/\/zydzi-trzemeszno.pl\/en\/tradycja-i-kultura\/obyczaje\/#breadcrumb","itemListElement":[{"@type":"ListItem","position":1,"name":"Strona g\u0142\u00f3wna","item":"https:\/\/zydzi-trzemeszno.pl\/en\/"},{"@type":"ListItem","position":2,"name":"Tradycja i kultura","item":"http:\/\/zydzi-trzemeszno.pl\/?page_id=1639"},{"@type":"ListItem","position":3,"name":"Obyczaje"}]},{"@type":"WebSite","@id":"https:\/\/zydzi-trzemeszno.pl\/en\/#website","url":"https:\/\/zydzi-trzemeszno.pl\/en\/","name":"Strona po\u015bwi\u0119cona historii \u017byd\u00f3w z Trzemeszna","description":"Dowiedz si\u0119 wi\u0119cej o \u017bydach z Trzemeszna, ich rodzinach, wspomnieniach oraz Cmentarzu \u017bydowskim w Trzemesznie.","publisher":{"@id":"https:\/\/zydzi-trzemeszno.pl\/en\/#organization"},"potentialAction":[{"@type":"SearchAction","target":{"@type":"EntryPoint","urlTemplate":"https:\/\/zydzi-trzemeszno.pl\/en\/?s={search_term_string}"},"query-input":{"@type":"PropertyValueSpecification","valueRequired":true,"valueName":"search_term_string"}}],"inLanguage":"en-US"},{"@type":"Organization","@id":"https:\/\/zydzi-trzemeszno.pl\/en\/#organization","name":"Strona po\u015bwi\u0119cona historii \u017byd\u00f3w z Trzemeszna","url":"https:\/\/zydzi-trzemeszno.pl\/en\/","logo":{"@type":"ImageObject","inLanguage":"en-US","@id":"https:\/\/zydzi-trzemeszno.pl\/en\/#\/schema\/logo\/image\/","url":"http:\/\/zydzi-trzemeszno.pl\/wp-content\/uploads\/2022\/03\/cropped-zydzi-trzem-logo-21.png","contentUrl":"http:\/\/zydzi-trzemeszno.pl\/wp-content\/uploads\/2022\/03\/cropped-zydzi-trzem-logo-21.png","width":200,"height":120,"caption":"Strona po\u015bwi\u0119cona historii \u017byd\u00f3w z Trzemeszna"},"image":{"@id":"https:\/\/zydzi-trzemeszno.pl\/en\/#\/schema\/logo\/image\/"},"sameAs":["https:\/\/www.facebook.com\/CmentarzZydowskiTrzemeszno","https:\/\/www.youtube.com\/channel\/UCriHe7XL_3BRMosZAKSx77g"]}]}},"_links":{"self":[{"href":"https:\/\/zydzi-trzemeszno.pl\/en\/wp-json\/wp\/v2\/pages\/1969","targetHints":{"allow":["GET"]}}],"collection":[{"href":"https:\/\/zydzi-trzemeszno.pl\/en\/wp-json\/wp\/v2\/pages"}],"about":[{"href":"https:\/\/zydzi-trzemeszno.pl\/en\/wp-json\/wp\/v2\/types\/page"}],"author":[{"embeddable":true,"href":"https:\/\/zydzi-trzemeszno.pl\/en\/wp-json\/wp\/v2\/users\/1"}],"replies":[{"embeddable":true,"href":"https:\/\/zydzi-trzemeszno.pl\/en\/wp-json\/wp\/v2\/comments?post=1969"}],"version-history":[{"count":16,"href":"https:\/\/zydzi-trzemeszno.pl\/en\/wp-json\/wp\/v2\/pages\/1969\/revisions"}],"predecessor-version":[{"id":6083,"href":"https:\/\/zydzi-trzemeszno.pl\/en\/wp-json\/wp\/v2\/pages\/1969\/revisions\/6083"}],"up":[{"embeddable":true,"href":"https:\/\/zydzi-trzemeszno.pl\/en\/wp-json\/wp\/v2\/pages\/1639"}],"wp:featuredmedia":[{"embeddable":true,"href":"https:\/\/zydzi-trzemeszno.pl\/en\/wp-json\/wp\/v2\/media\/4195"}],"wp:attachment":[{"href":"https:\/\/zydzi-trzemeszno.pl\/en\/wp-json\/wp\/v2\/media?parent=1969"}],"curies":[{"name":"wp","href":"https:\/\/api.w.org\/{rel}","templated":true}]}}