{"id":1643,"date":"2022-02-05T20:27:59","date_gmt":"2022-02-05T20:27:59","guid":{"rendered":"https:\/\/zydzi-trzemeszno.pl\/?page_id=1643"},"modified":"2022-09-29T00:03:15","modified_gmt":"2022-09-28T22:03:15","slug":"projekty-spoleczne-i-edukacyjne","status":"publish","type":"page","link":"https:\/\/zydzi-trzemeszno.pl\/en\/wspolczesnosc\/projekty-spoleczne-i-edukacyjne\/","title":{"rendered":"Social and educational projects"},"content":{"rendered":"<div data-elementor-type=\"wp-page\" data-elementor-id=\"1643\" class=\"elementor elementor-1643\">\n\t\t\t\t\t\t<section class=\"elementor-section elementor-top-section elementor-element elementor-element-5650462 elementor-section-boxed elementor-section-height-default elementor-section-height-default exad-glass-effect-no exad-sticky-section-no\" data-id=\"5650462\" data-element_type=\"section\">\n\t\t\t\t\t\t<div class=\"elementor-container elementor-column-gap-default\">\n\t\t\t\t\t<div class=\"elementor-column elementor-col-100 elementor-top-column elementor-element elementor-element-25c1851 exad-glass-effect-no exad-sticky-section-no\" data-id=\"25c1851\" data-element_type=\"column\">\n\t\t\t<div class=\"elementor-widget-wrap elementor-element-populated\">\n\t\t\t\t\t\t<div class=\"elementor-element elementor-element-f1a9bf0 exad-sticky-section-no exad-glass-effect-no elementor-widget elementor-widget-wp-widget-rpwe_widget\" data-id=\"f1a9bf0\" data-element_type=\"widget\" data-widget_type=\"wp-widget-rpwe_widget.default\">\n\t\t\t\t<div class=\"elementor-widget-container\">\n\t\t\t\t\t<style>.rpwe-block ul{\r\nlist-style: none !important;\r\nmargin-left: 0 !important;\r\npadding-left: 0 !important;\r\n}\r\n\r\n.rpwe-block li{\r\nmargin-bottom: 10px;\r\npadding-bottom: 120px;\r\npadding-top:20px;\r\nlist-style-type: none;\r\n}\r\n\r\n.rpwe-block a{\r\ndisplay: inline !important;\r\ntext-decoration: none;\r\n}\r\n\r\n.rpwe-block h3{\r\nbackground: none !important;\r\nclear: none;\r\nmargin-bottom: 0 !important;\r\nmargin-top: 25px !important;\r\nfont-weight: 400;\r\nfont-size: 32px !important;\r\nline-height: 1.5em;\r\n}\r\n\r\n.rpwe-thumb{\r\nbox-shadow: none !important;\r\nmargin: 5px 20px 5px 0;\r\npadding: 3px !important;\r\n}\r\nimg.rpwe-thumb{\r\nborder-radius:10px;\r\n}\r\n.rpwe-summary{\r\nfont-size: 18px;\r\ntext-align: justify;\r\npadding-top: 10px\r\n}\r\n\r\n.rpwe-time{\r\ncolor: #bbb;\r\nfont-size: 18px;\r\n}\r\n\r\n.rpwe-comment{\r\ncolor: #bbb;\r\nfont-size: 11px;\r\npadding-left: 5px;\r\n}\r\n\r\n.rpwe-alignleft{\r\ndisplay: inline;\r\nfloat: left;\r\n}\r\n\r\n.rpwe-alignright{\r\ndisplay: inline;\r\nfloat: right;\r\n}\r\n\r\n.rpwe-aligncenter{\r\ndisplay: block;\r\nmargin-left: auto;\r\nmargin-right: auto;\r\n}\r\n\r\n.rpwe-clearfix:before,\r\n.rpwe-clearfix:after{\r\ncontent: &quot;&quot;;\r\ndisplay: table !important;\r\n}\r\n\r\n.rpwe-clearfix:after{\r\nclear: both;\r\n}\r\n\r\n.rpwe-clearfix{\r\nzoom: 1.1;\r\n}\r\n<\/style><div  class=\"rpwe-block\"><ul class=\"rpwe-ul\"><li class=\"rpwe-li rpwe-clearfix\"><a class=\"rpwe-img\" href=\"https:\/\/zydzi-trzemeszno.pl\/en\/wspolczesnosc\/projekty-spoleczne-i-edukacyjne\/muzeum-na-kolkach\/\" target=\"_self\"><img loading=\"lazy\" class=\"rpwe-alignleft rpwe-thumb\" src=\"https:\/\/zydzi-trzemeszno.pl\/wp-content\/uploads\/2022\/09\/muzemnakolkachv2-450x350.png\" alt=\"Muzeum na k\u00f3\u0142kach\" height=\"350\" width=\"450\" decoding=\"async\"><\/a><h3 class=\"rpwe-title\"><a href=\"https:\/\/zydzi-trzemeszno.pl\/en\/wspolczesnosc\/projekty-spoleczne-i-edukacyjne\/muzeum-na-kolkach\/\" target=\"_self\">Museum on Wheels<\/a><\/h3><time class=\"rpwe-time published\" datetime=\"2022-09-23T23:01:12+02:00\">23 September, 2022<\/time><div class=\"rpwe-summary\">\u201eMuseum on Wheels\u201d is a mobile educational project that brings the history of Polish Jews to life and restores the memory of local Jewish communities. It is also an excellent platform for cooperation with local activists and institutional partners who carry out their own three-day programme of educational events accompanying the exhibition in each given town...<a href=\"https:\/\/zydzi-trzemeszno.pl\/en\/wspolczesnosc\/projekty-spoleczne-i-edukacyjne\/muzeum-na-kolkach\/\" class=\"more-link\">Read More \u00bb<\/a><\/div><\/li><li class=\"rpwe-li rpwe-clearfix\"><a class=\"rpwe-img\" href=\"https:\/\/zydzi-trzemeszno.pl\/en\/wspolczesnosc\/projekty-spoleczne-i-edukacyjne\/pokaz-filmu-dowod-tozsamosci\/\" target=\"_self\"><img loading=\"lazy\" class=\"rpwe-alignleft rpwe-thumb\" src=\"https:\/\/zydzi-trzemeszno.pl\/wp-content\/uploads\/2022\/04\/dowod-450x350.png\" alt=\"Pokaz filmu \u201eDow\u00f3d to\u017csamo\u015bci\u201d\" height=\"350\" width=\"450\" decoding=\"async\"><\/a><h3 class=\"rpwe-title\"><a href=\"https:\/\/zydzi-trzemeszno.pl\/en\/wspolczesnosc\/projekty-spoleczne-i-edukacyjne\/pokaz-filmu-dowod-tozsamosci\/\" target=\"_self\">The screening of \u201cThe Proof of Identity\u201d<\/a><\/h3><time class=\"rpwe-time published\" datetime=\"2022-04-08T21:43:12+02:00\">8 April, 2022<\/time><div class=\"rpwe-summary\">You could think that, as the Polish society, we know quite a lot about the history of Jews. Associations with WW2 and the Holocaust come to mind. And what do we know about the psychological burden which Jews cope with today? What do we know about their everyday struggles?<a href=\"https:\/\/zydzi-trzemeszno.pl\/en\/wspolczesnosc\/projekty-spoleczne-i-edukacyjne\/pokaz-filmu-dowod-tozsamosci\/\" class=\"more-link\">Read More \u00bb<\/a><\/div><\/li><li class=\"rpwe-li rpwe-clearfix\"><a class=\"rpwe-img\" href=\"https:\/\/zydzi-trzemeszno.pl\/en\/wspolczesnosc\/projekty-spoleczne-i-edukacyjne\/dzien-kultury-zydowskiej-z-dr-gniewomirem-zajaczkowskim\/\" target=\"_self\"><img loading=\"lazy\" class=\"rpwe-alignleft rpwe-thumb\" src=\"https:\/\/zydzi-trzemeszno.pl\/wp-content\/uploads\/2022\/02\/201885121_4418857391470754_7947382497949978879_n-450x350.jpg\" alt=\"Dzie\u0144 Kultury \u017bydowskiej z dr. Gniewomirem Zaj\u0105czkowskim\" height=\"350\" width=\"450\" decoding=\"async\"><\/a><h3 class=\"rpwe-title\"><a href=\"https:\/\/zydzi-trzemeszno.pl\/en\/wspolczesnosc\/projekty-spoleczne-i-edukacyjne\/dzien-kultury-zydowskiej-z-dr-gniewomirem-zajaczkowskim\/\" target=\"_self\">Jewish Culture Day with Dr. Gniewomir Zaj\u0105czkowski<\/a><\/h3><time class=\"rpwe-time published\" datetime=\"2022-03-12T00:08:00+01:00\">12 March, 2022<\/time><div class=\"rpwe-summary\">June 17, 2021 , it would seem that it will be a day like any other. Summer is coming, the end of the school year... The time of printing school certificates and final review classes. However, it looked different in the Complex of General and Vocational Schools in Trzemeszno...<a href=\"https:\/\/zydzi-trzemeszno.pl\/en\/wspolczesnosc\/projekty-spoleczne-i-edukacyjne\/dzien-kultury-zydowskiej-z-dr-gniewomirem-zajaczkowskim\/\" class=\"more-link\">Read More \u00bb<\/a><\/div><\/li><li class=\"rpwe-li rpwe-clearfix\"><a class=\"rpwe-img\" href=\"https:\/\/zydzi-trzemeszno.pl\/en\/wspolczesnosc\/projekty-spoleczne-i-edukacyjne\/projekt-odnowienia-cmentarza-zydowskiego-w-trzemesznie\/\" target=\"_self\"><img loading=\"lazy\" class=\"rpwe-alignleft rpwe-thumb\" src=\"https:\/\/zydzi-trzemeszno.pl\/wp-content\/uploads\/2022\/02\/fot.-sudaj-450x350.jpg\" alt=\"Projekt odnowienia cmentarza \u017cydowskiego w Trzemesznie\" height=\"350\" width=\"450\" decoding=\"async\"><\/a><h3 class=\"rpwe-title\"><a href=\"https:\/\/zydzi-trzemeszno.pl\/en\/wspolczesnosc\/projekty-spoleczne-i-edukacyjne\/projekt-odnowienia-cmentarza-zydowskiego-w-trzemesznie\/\" target=\"_self\">The project of restoring of the Jewish cemetery in Trzemeszno<\/a><\/h3><time class=\"rpwe-time published\" datetime=\"2022-03-12T00:07:00+01:00\">12 March, 2022<\/time><div class=\"rpwe-summary\">In September 2021, the team of people was appointed in the City Office of Trzemeszno. Their aim was voluntary work for taking care of the local Jewish cemetery, which, after being looted of the matzevas, was abandoned after the war and has overgrown with wild greenery...<a href=\"https:\/\/zydzi-trzemeszno.pl\/en\/wspolczesnosc\/projekty-spoleczne-i-edukacyjne\/projekt-odnowienia-cmentarza-zydowskiego-w-trzemesznie\/\" class=\"more-link\">Read More \u00bb<\/a><\/div><\/li><\/ul><\/div><!-- Generated by http:\/\/wordpress.org\/plugins\/recent-posts-widget-extended\/ -->\t\t\t\t<\/div>\n\t\t\t\t<\/div>\n\t\t\t\t\t<\/div>\n\t\t<\/div>\n\t\t\t\t\t<\/div>\n\t\t<\/section>\n\t\t\t\t<section class=\"elementor-section elementor-top-section elementor-element elementor-element-302bc23 elementor-section-boxed elementor-section-height-default elementor-section-height-default exad-glass-effect-no exad-sticky-section-no\" data-id=\"302bc23\" data-element_type=\"section\">\n\t\t\t\t\t\t<div class=\"elementor-container elementor-column-gap-default\">\n\t\t\t\t\t<div class=\"elementor-column elementor-col-100 elementor-top-column elementor-element elementor-element-95329d2 exad-glass-effect-no exad-sticky-section-no\" data-id=\"95329d2\" data-element_type=\"column\">\n\t\t\t<div class=\"elementor-widget-wrap elementor-element-populated\">\n\t\t\t\t\t\t<div class=\"elementor-element elementor-element-2bc2131 exad-sticky-section-no exad-glass-effect-no elementor-widget elementor-widget-spacer\" data-id=\"2bc2131\" data-element_type=\"widget\" data-widget_type=\"spacer.default\">\n\t\t\t\t<div class=\"elementor-widget-container\">\n\t\t\t\t\t\t\t<div class=\"elementor-spacer\">\n\t\t\t<div class=\"elementor-spacer-inner\"><\/div>\n\t\t<\/div>\n\t\t\t\t\t\t<\/div>\n\t\t\t\t<\/div>\n\t\t\t\t\t<\/div>\n\t\t<\/div>\n\t\t\t\t\t<\/div>\n\t\t<\/section>\n\t\t\t\t<\/div>","protected":false},"excerpt":{"rendered":"","protected":false},"author":1,"featured_media":4317,"parent":1640,"menu_order":0,"comment_status":"closed","ping_status":"closed","template":"page-templates\/template-pagebuilder-full-width.php","meta":{"neve_meta_sidebar":"","neve_meta_container":"","neve_meta_enable_content_width":"","neve_meta_content_width":0,"neve_meta_title_alignment":"","neve_meta_author_avatar":"","neve_post_elements_order":"","neve_meta_disable_header":"","neve_meta_disable_footer":"","neve_meta_disable_title":"","_themeisle_gutenberg_block_has_review":false,"_ti_tpc_template_sync":false,"_ti_tpc_template_id":"","footnotes":""},"class_list":["post-1643","page","type-page","status-publish","has-post-thumbnail","hentry"],"acf":[],"yoast_head":"<!-- This site is optimized with the Yoast SEO plugin v24.2 - https:\/\/yoast.com\/wordpress\/plugins\/seo\/ -->\n<title>Projekty spo\u0142eczne i edukacyjne - Strona po\u015bwi\u0119cona historii \u017byd\u00f3w z Trzemeszna<\/title>\n<meta name=\"robots\" content=\"index, follow, max-snippet:-1, max-image-preview:large, max-video-preview:-1\" \/>\n<link rel=\"canonical\" href=\"https:\/\/zydzi-trzemeszno.pl\/en\/wspolczesnosc\/projekty-spoleczne-i-edukacyjne\/\" \/>\n<meta property=\"og:locale\" content=\"en_US\" \/>\n<meta property=\"og:type\" content=\"article\" \/>\n<meta property=\"og:title\" content=\"Projekty spo\u0142eczne i edukacyjne - Strona po\u015bwi\u0119cona historii \u017byd\u00f3w z Trzemeszna\" \/>\n<meta property=\"og:url\" content=\"https:\/\/zydzi-trzemeszno.pl\/en\/wspolczesnosc\/projekty-spoleczne-i-edukacyjne\/\" \/>\n<meta property=\"og:site_name\" content=\"Strona po\u015bwi\u0119cona historii \u017byd\u00f3w z Trzemeszna\" \/>\n<meta property=\"article:publisher\" content=\"https:\/\/www.facebook.com\/CmentarzZydowskiTrzemeszno\" \/>\n<meta property=\"article:modified_time\" content=\"2022-09-28T22:03:15+00:00\" \/>\n<meta property=\"og:image\" content=\"https:\/\/zydzi-trzemeszno.pl\/wp-content\/uploads\/2022\/03\/Kopia-Kopia-Kopia-Kopia-Kopia-Kopia-Kopia-Kopia-Kopia-Projekt-bez-nazwy.png\" \/>\n\t<meta property=\"og:image:width\" content=\"1600\" \/>\n\t<meta property=\"og:image:height\" content=\"350\" \/>\n\t<meta property=\"og:image:type\" content=\"image\/png\" \/>\n<meta name=\"twitter:card\" content=\"summary_large_image\" \/>\n<meta name=\"twitter:label1\" content=\"Est. reading time\" \/>\n\t<meta name=\"twitter:data1\" content=\"3 minutes\" \/>\n<script type=\"application\/ld+json\" class=\"yoast-schema-graph\">{\"@context\":\"https:\/\/schema.org\",\"@graph\":[{\"@type\":\"WebPage\",\"@id\":\"https:\/\/zydzi-trzemeszno.pl\/en\/wspolczesnosc\/projekty-spoleczne-i-edukacyjne\/\",\"url\":\"https:\/\/zydzi-trzemeszno.pl\/en\/wspolczesnosc\/projekty-spoleczne-i-edukacyjne\/\",\"name\":\"Projekty spo\u0142eczne i edukacyjne - Strona po\u015bwi\u0119cona historii \u017byd\u00f3w z Trzemeszna\",\"isPartOf\":{\"@id\":\"https:\/\/zydzi-trzemeszno.pl\/en\/#website\"},\"primaryImageOfPage\":{\"@id\":\"https:\/\/zydzi-trzemeszno.pl\/en\/wspolczesnosc\/projekty-spoleczne-i-edukacyjne\/#primaryimage\"},\"image\":{\"@id\":\"https:\/\/zydzi-trzemeszno.pl\/en\/wspolczesnosc\/projekty-spoleczne-i-edukacyjne\/#primaryimage\"},\"thumbnailUrl\":\"https:\/\/zydzi-trzemeszno.pl\/wp-content\/uploads\/2022\/03\/Kopia-Kopia-Kopia-Kopia-Kopia-Kopia-Kopia-Kopia-Kopia-Projekt-bez-nazwy.png\",\"datePublished\":\"2022-02-05T20:27:59+00:00\",\"dateModified\":\"2022-09-28T22:03:15+00:00\",\"breadcrumb\":{\"@id\":\"https:\/\/zydzi-trzemeszno.pl\/en\/wspolczesnosc\/projekty-spoleczne-i-edukacyjne\/#breadcrumb\"},\"inLanguage\":\"en-US\",\"potentialAction\":[{\"@type\":\"ReadAction\",\"target\":[\"https:\/\/zydzi-trzemeszno.pl\/en\/wspolczesnosc\/projekty-spoleczne-i-edukacyjne\/\"]}]},{\"@type\":\"ImageObject\",\"inLanguage\":\"en-US\",\"@id\":\"https:\/\/zydzi-trzemeszno.pl\/en\/wspolczesnosc\/projekty-spoleczne-i-edukacyjne\/#primaryimage\",\"url\":\"https:\/\/zydzi-trzemeszno.pl\/wp-content\/uploads\/2022\/03\/Kopia-Kopia-Kopia-Kopia-Kopia-Kopia-Kopia-Kopia-Kopia-Projekt-bez-nazwy.png\",\"contentUrl\":\"https:\/\/zydzi-trzemeszno.pl\/wp-content\/uploads\/2022\/03\/Kopia-Kopia-Kopia-Kopia-Kopia-Kopia-Kopia-Kopia-Kopia-Projekt-bez-nazwy.png\",\"width\":1600,\"height\":350},{\"@type\":\"BreadcrumbList\",\"@id\":\"https:\/\/zydzi-trzemeszno.pl\/en\/wspolczesnosc\/projekty-spoleczne-i-edukacyjne\/#breadcrumb\",\"itemListElement\":[{\"@type\":\"ListItem\",\"position\":1,\"name\":\"Strona g\u0142\u00f3wna\",\"item\":\"https:\/\/zydzi-trzemeszno.pl\/en\/\"},{\"@type\":\"ListItem\",\"position\":2,\"name\":\"Wsp\u00f3\u0142czesno\u015b\u0107\",\"item\":\"https:\/\/zydzi-trzemeszno.pl\/en\/wspolczesnosc\/\"},{\"@type\":\"ListItem\",\"position\":3,\"name\":\"Projekty spo\u0142eczne i edukacyjne\"}]},{\"@type\":\"WebSite\",\"@id\":\"https:\/\/zydzi-trzemeszno.pl\/en\/#website\",\"url\":\"https:\/\/zydzi-trzemeszno.pl\/en\/\",\"name\":\"Strona po\u015bwi\u0119cona historii \u017byd\u00f3w z Trzemeszna\",\"description\":\"Dowiedz si\u0119 wi\u0119cej o \u017bydach z Trzemeszna, ich rodzinach, wspomnieniach oraz Cmentarzu \u017bydowskim w Trzemesznie.\",\"publisher\":{\"@id\":\"https:\/\/zydzi-trzemeszno.pl\/en\/#organization\"},\"potentialAction\":[{\"@type\":\"SearchAction\",\"target\":{\"@type\":\"EntryPoint\",\"urlTemplate\":\"https:\/\/zydzi-trzemeszno.pl\/en\/?s={search_term_string}\"},\"query-input\":{\"@type\":\"PropertyValueSpecification\",\"valueRequired\":true,\"valueName\":\"search_term_string\"}}],\"inLanguage\":\"en-US\"},{\"@type\":\"Organization\",\"@id\":\"https:\/\/zydzi-trzemeszno.pl\/en\/#organization\",\"name\":\"Strona po\u015bwi\u0119cona historii \u017byd\u00f3w z Trzemeszna\",\"url\":\"https:\/\/zydzi-trzemeszno.pl\/en\/\",\"logo\":{\"@type\":\"ImageObject\",\"inLanguage\":\"en-US\",\"@id\":\"https:\/\/zydzi-trzemeszno.pl\/en\/#\/schema\/logo\/image\/\",\"url\":\"http:\/\/zydzi-trzemeszno.pl\/wp-content\/uploads\/2022\/03\/cropped-zydzi-trzem-logo-21.png\",\"contentUrl\":\"http:\/\/zydzi-trzemeszno.pl\/wp-content\/uploads\/2022\/03\/cropped-zydzi-trzem-logo-21.png\",\"width\":200,\"height\":120,\"caption\":\"Strona po\u015bwi\u0119cona historii \u017byd\u00f3w z Trzemeszna\"},\"image\":{\"@id\":\"https:\/\/zydzi-trzemeszno.pl\/en\/#\/schema\/logo\/image\/\"},\"sameAs\":[\"https:\/\/www.facebook.com\/CmentarzZydowskiTrzemeszno\",\"https:\/\/www.youtube.com\/channel\/UCriHe7XL_3BRMosZAKSx77g\"]}]}<\/script>\n<!-- \/ Yoast SEO plugin. -->","yoast_head_json":{"title":"Projekty spo\u0142eczne i edukacyjne - Strona po\u015bwi\u0119cona historii \u017byd\u00f3w z Trzemeszna","robots":{"index":"index","follow":"follow","max-snippet":"max-snippet:-1","max-image-preview":"max-image-preview:large","max-video-preview":"max-video-preview:-1"},"canonical":"https:\/\/zydzi-trzemeszno.pl\/en\/wspolczesnosc\/projekty-spoleczne-i-edukacyjne\/","og_locale":"en_US","og_type":"article","og_title":"Projekty spo\u0142eczne i edukacyjne - Strona po\u015bwi\u0119cona historii \u017byd\u00f3w z Trzemeszna","og_url":"https:\/\/zydzi-trzemeszno.pl\/en\/wspolczesnosc\/projekty-spoleczne-i-edukacyjne\/","og_site_name":"Strona po\u015bwi\u0119cona historii \u017byd\u00f3w z Trzemeszna","article_publisher":"https:\/\/www.facebook.com\/CmentarzZydowskiTrzemeszno","article_modified_time":"2022-09-28T22:03:15+00:00","og_image":[{"width":1600,"height":350,"url":"https:\/\/zydzi-trzemeszno.pl\/wp-content\/uploads\/2022\/03\/Kopia-Kopia-Kopia-Kopia-Kopia-Kopia-Kopia-Kopia-Kopia-Projekt-bez-nazwy.png","type":"image\/png"}],"twitter_card":"summary_large_image","twitter_misc":{"Est. reading time":"3 minutes"},"schema":{"@context":"https:\/\/schema.org","@graph":[{"@type":"WebPage","@id":"https:\/\/zydzi-trzemeszno.pl\/en\/wspolczesnosc\/projekty-spoleczne-i-edukacyjne\/","url":"https:\/\/zydzi-trzemeszno.pl\/en\/wspolczesnosc\/projekty-spoleczne-i-edukacyjne\/","name":"Projekty spo\u0142eczne i edukacyjne - Strona po\u015bwi\u0119cona historii \u017byd\u00f3w z Trzemeszna","isPartOf":{"@id":"https:\/\/zydzi-trzemeszno.pl\/en\/#website"},"primaryImageOfPage":{"@id":"https:\/\/zydzi-trzemeszno.pl\/en\/wspolczesnosc\/projekty-spoleczne-i-edukacyjne\/#primaryimage"},"image":{"@id":"https:\/\/zydzi-trzemeszno.pl\/en\/wspolczesnosc\/projekty-spoleczne-i-edukacyjne\/#primaryimage"},"thumbnailUrl":"https:\/\/zydzi-trzemeszno.pl\/wp-content\/uploads\/2022\/03\/Kopia-Kopia-Kopia-Kopia-Kopia-Kopia-Kopia-Kopia-Kopia-Projekt-bez-nazwy.png","datePublished":"2022-02-05T20:27:59+00:00","dateModified":"2022-09-28T22:03:15+00:00","breadcrumb":{"@id":"https:\/\/zydzi-trzemeszno.pl\/en\/wspolczesnosc\/projekty-spoleczne-i-edukacyjne\/#breadcrumb"},"inLanguage":"en-US","potentialAction":[{"@type":"ReadAction","target":["https:\/\/zydzi-trzemeszno.pl\/en\/wspolczesnosc\/projekty-spoleczne-i-edukacyjne\/"]}]},{"@type":"ImageObject","inLanguage":"en-US","@id":"https:\/\/zydzi-trzemeszno.pl\/en\/wspolczesnosc\/projekty-spoleczne-i-edukacyjne\/#primaryimage","url":"https:\/\/zydzi-trzemeszno.pl\/wp-content\/uploads\/2022\/03\/Kopia-Kopia-Kopia-Kopia-Kopia-Kopia-Kopia-Kopia-Kopia-Projekt-bez-nazwy.png","contentUrl":"https:\/\/zydzi-trzemeszno.pl\/wp-content\/uploads\/2022\/03\/Kopia-Kopia-Kopia-Kopia-Kopia-Kopia-Kopia-Kopia-Kopia-Projekt-bez-nazwy.png","width":1600,"height":350},{"@type":"BreadcrumbList","@id":"https:\/\/zydzi-trzemeszno.pl\/en\/wspolczesnosc\/projekty-spoleczne-i-edukacyjne\/#breadcrumb","itemListElement":[{"@type":"ListItem","position":1,"name":"Strona g\u0142\u00f3wna","item":"https:\/\/zydzi-trzemeszno.pl\/en\/"},{"@type":"ListItem","position":2,"name":"Wsp\u00f3\u0142czesno\u015b\u0107","item":"https:\/\/zydzi-trzemeszno.pl\/en\/wspolczesnosc\/"},{"@type":"ListItem","position":3,"name":"Projekty spo\u0142eczne i edukacyjne"}]},{"@type":"WebSite","@id":"https:\/\/zydzi-trzemeszno.pl\/en\/#website","url":"https:\/\/zydzi-trzemeszno.pl\/en\/","name":"Strona po\u015bwi\u0119cona historii \u017byd\u00f3w z Trzemeszna","description":"Dowiedz si\u0119 wi\u0119cej o \u017bydach z Trzemeszna, ich rodzinach, wspomnieniach oraz Cmentarzu \u017bydowskim w Trzemesznie.","publisher":{"@id":"https:\/\/zydzi-trzemeszno.pl\/en\/#organization"},"potentialAction":[{"@type":"SearchAction","target":{"@type":"EntryPoint","urlTemplate":"https:\/\/zydzi-trzemeszno.pl\/en\/?s={search_term_string}"},"query-input":{"@type":"PropertyValueSpecification","valueRequired":true,"valueName":"search_term_string"}}],"inLanguage":"en-US"},{"@type":"Organization","@id":"https:\/\/zydzi-trzemeszno.pl\/en\/#organization","name":"Strona po\u015bwi\u0119cona historii \u017byd\u00f3w z Trzemeszna","url":"https:\/\/zydzi-trzemeszno.pl\/en\/","logo":{"@type":"ImageObject","inLanguage":"en-US","@id":"https:\/\/zydzi-trzemeszno.pl\/en\/#\/schema\/logo\/image\/","url":"http:\/\/zydzi-trzemeszno.pl\/wp-content\/uploads\/2022\/03\/cropped-zydzi-trzem-logo-21.png","contentUrl":"http:\/\/zydzi-trzemeszno.pl\/wp-content\/uploads\/2022\/03\/cropped-zydzi-trzem-logo-21.png","width":200,"height":120,"caption":"Strona po\u015bwi\u0119cona historii \u017byd\u00f3w z Trzemeszna"},"image":{"@id":"https:\/\/zydzi-trzemeszno.pl\/en\/#\/schema\/logo\/image\/"},"sameAs":["https:\/\/www.facebook.com\/CmentarzZydowskiTrzemeszno","https:\/\/www.youtube.com\/channel\/UCriHe7XL_3BRMosZAKSx77g"]}]}},"_links":{"self":[{"href":"https:\/\/zydzi-trzemeszno.pl\/en\/wp-json\/wp\/v2\/pages\/1643","targetHints":{"allow":["GET"]}}],"collection":[{"href":"https:\/\/zydzi-trzemeszno.pl\/en\/wp-json\/wp\/v2\/pages"}],"about":[{"href":"https:\/\/zydzi-trzemeszno.pl\/en\/wp-json\/wp\/v2\/types\/page"}],"author":[{"embeddable":true,"href":"https:\/\/zydzi-trzemeszno.pl\/en\/wp-json\/wp\/v2\/users\/1"}],"replies":[{"embeddable":true,"href":"https:\/\/zydzi-trzemeszno.pl\/en\/wp-json\/wp\/v2\/comments?post=1643"}],"version-history":[{"count":25,"href":"https:\/\/zydzi-trzemeszno.pl\/en\/wp-json\/wp\/v2\/pages\/1643\/revisions"}],"predecessor-version":[{"id":6089,"href":"https:\/\/zydzi-trzemeszno.pl\/en\/wp-json\/wp\/v2\/pages\/1643\/revisions\/6089"}],"up":[{"embeddable":true,"href":"https:\/\/zydzi-trzemeszno.pl\/en\/wp-json\/wp\/v2\/pages\/1640"}],"wp:featuredmedia":[{"embeddable":true,"href":"https:\/\/zydzi-trzemeszno.pl\/en\/wp-json\/wp\/v2\/media\/4317"}],"wp:attachment":[{"href":"https:\/\/zydzi-trzemeszno.pl\/en\/wp-json\/wp\/v2\/media?parent=1643"}],"curies":[{"name":"wp","href":"https:\/\/api.w.org\/{rel}","templated":true}]}}