{"id":1645,"date":"2022-02-05T20:27:59","date_gmt":"2022-02-05T20:27:59","guid":{"rendered":"https:\/\/zydzi-trzemeszno.pl\/?page_id=1645"},"modified":"2022-09-29T00:04:07","modified_gmt":"2022-09-28T22:04:07","slug":"prywatne","status":"publish","type":"page","link":"https:\/\/zydzi-trzemeszno.pl\/en\/kolekcje\/prywatne\/","title":{"rendered":"Private Collections"},"content":{"rendered":"<div data-elementor-type=\"wp-page\" data-elementor-id=\"1645\" class=\"elementor elementor-1645\">\n\t\t\t\t\t\t<section class=\"elementor-section elementor-top-section elementor-element elementor-element-f7aa3c4 elementor-section-boxed elementor-section-height-default elementor-section-height-default exad-glass-effect-no exad-sticky-section-no\" data-id=\"f7aa3c4\" data-element_type=\"section\">\n\t\t\t\t\t\t<div class=\"elementor-container elementor-column-gap-default\">\n\t\t\t\t\t<div class=\"elementor-column elementor-col-100 elementor-top-column elementor-element elementor-element-7ec6cef exad-glass-effect-no exad-sticky-section-no\" data-id=\"7ec6cef\" data-element_type=\"column\">\n\t\t\t<div class=\"elementor-widget-wrap elementor-element-populated\">\n\t\t\t\t\t\t<div class=\"elementor-element elementor-element-d1dcfd8 exad-sticky-section-no exad-glass-effect-no elementor-widget elementor-widget-wp-widget-rpwe_widget\" data-id=\"d1dcfd8\" data-element_type=\"widget\" data-widget_type=\"wp-widget-rpwe_widget.default\">\n\t\t\t\t<div class=\"elementor-widget-container\">\n\t\t\t\t\t<style>.rpwe-block ul{\r\nlist-style: none !important;\r\nmargin-left: 0 !important;\r\npadding-left: 0 !important;\r\n}\r\n\r\n.rpwe-block li{\r\nmargin-bottom: 10px;\r\npadding-bottom: 120px;\r\npadding-top:20px;\r\nlist-style-type: none;\r\n}\r\n\r\n.rpwe-block a{\r\ndisplay: inline !important;\r\ntext-decoration: none;\r\n}\r\n\r\n.rpwe-block h3{\r\nbackground: none !important;\r\nclear: none;\r\nmargin-bottom: 0 !important;\r\nmargin-top: 25px !important;\r\nfont-weight: 400;\r\nfont-size: 32px !important;\r\nline-height: 1.5em;\r\n}\r\n\r\n.rpwe-thumb{\r\nbox-shadow: none !important;\r\nmargin: 5px 20px 5px 0;\r\npadding: 3px !important;\r\n}\r\nimg.rpwe-thumb{\r\nborder-radius:10px;\r\n}\r\n.rpwe-summary{\r\nfont-size: 18px;\r\ntext-align: justify;\r\npadding-top: 10px\r\n}\r\n\r\n.rpwe-time{\r\ncolor: #bbb;\r\nfont-size: 18px;\r\n}\r\n\r\n.rpwe-comment{\r\ncolor: #bbb;\r\nfont-size: 11px;\r\npadding-left: 5px;\r\n}\r\n\r\n.rpwe-alignleft{\r\ndisplay: inline;\r\nfloat: left;\r\n}\r\n\r\n.rpwe-alignright{\r\ndisplay: inline;\r\nfloat: right;\r\n}\r\n\r\n.rpwe-aligncenter{\r\ndisplay: block;\r\nmargin-left: auto;\r\nmargin-right: auto;\r\n}\r\n\r\n.rpwe-clearfix:before,\r\n.rpwe-clearfix:after{\r\ncontent: &quot;&quot;;\r\ndisplay: table !important;\r\n}\r\n\r\n.rpwe-clearfix:after{\r\nclear: both;\r\n}\r\n\r\n.rpwe-clearfix{\r\nzoom: 1.1;\r\n}\r\n<\/style><div  class=\"rpwe-block\"><ul class=\"rpwe-ul\"><li class=\"rpwe-li rpwe-clearfix\"><a class=\"rpwe-img\" href=\"https:\/\/zydzi-trzemeszno.pl\/en\/kolekcje\/kolekcje-prywatne\/pamietnik-heymanna-arzta-czesc-2\/\" target=\"_self\"><img loading=\"lazy\" class=\"rpwe-alignleft rpwe-thumb\" src=\"https:\/\/zydzi-trzemeszno.pl\/wp-content\/uploads\/2023\/07\/stara-ksiega-pixabay-450x350.jpg\" alt=\"Pami\u0119tnik Heymanna Arzta cz\u0119\u015b\u0107 2\" height=\"350\" width=\"450\" decoding=\"async\"><\/a><h3 class=\"rpwe-title\"><a href=\"https:\/\/zydzi-trzemeszno.pl\/en\/kolekcje\/kolekcje-prywatne\/pamietnik-heymanna-arzta-czesc-2\/\" target=\"_self\">Heymann Arzt\u2019s Memoirs part 2<\/a><\/h3><time class=\"rpwe-time published\" datetime=\"2023-07-03T00:18:34+02:00\">3 July, 2023<\/time><div class=\"rpwe-summary\">Diary written by Trzemeszno-born Heymann Arzt, Part 2 covering the second half of 1888 and his stay in Nordhausen. Heymann (Heinz) Arzt or Chaim ben Nussen Awruhum was born on 5 January 1866 in Trzemeszno. At the age of 16 he went in search of work to Berlin ...<a href=\"https:\/\/zydzi-trzemeszno.pl\/en\/kolekcje\/kolekcje-prywatne\/pamietnik-heymanna-arzta-czesc-2\/\" class=\"more-link\">Read More \u00bb<\/a><\/div><\/li><li class=\"rpwe-li rpwe-clearfix\"><a class=\"rpwe-img\" href=\"https:\/\/zydzi-trzemeszno.pl\/en\/kolekcje\/kolekcje-prywatne\/pamietnik-heymanna-arzta\/\" target=\"_self\"><img loading=\"lazy\" class=\"rpwe-alignleft rpwe-thumb\" src=\"https:\/\/zydzi-trzemeszno.pl\/wp-content\/uploads\/2022\/04\/Zrzut-ekranu-2022-04-12-151336-450x350.png\" alt=\"Pami\u0119tnik Heymanna Arzta\" height=\"350\" width=\"450\" decoding=\"async\"><\/a><h3 class=\"rpwe-title\"><a href=\"https:\/\/zydzi-trzemeszno.pl\/en\/kolekcje\/kolekcje-prywatne\/pamietnik-heymanna-arzta\/\" target=\"_self\">Heymann Arzt\u2019s Memoirs<\/a><\/h3><time class=\"rpwe-time published\" datetime=\"2022-04-15T21:22:59+02:00\">15 April, 2022<\/time><div class=\"rpwe-summary\">Heymann Arzt was born in Trzemeszno in 1866 and spent the consecutive 16 years there. In 1888 he wrote down his memories rendering his life in Trzemeszno, as well as the history of his father who had spent about 30 years in the town. The original memoirs were handed over to the Jewish Museum Berlin. Heymann\u2019s grandson, Fritz Philippsborn, has translated the memoirs from German into English.<a href=\"https:\/\/zydzi-trzemeszno.pl\/en\/kolekcje\/kolekcje-prywatne\/pamietnik-heymanna-arzta\/\" class=\"more-link\">Read More \u00bb<\/a><\/div><\/li><li class=\"rpwe-li rpwe-clearfix\"><a class=\"rpwe-img\" href=\"https:\/\/zydzi-trzemeszno.pl\/en\/kolekcje\/kolekcje-prywatne\/telegram-h-friedmanna\/\" target=\"_self\"><img loading=\"lazy\" class=\"rpwe-alignleft rpwe-thumb\" src=\"https:\/\/zydzi-trzemeszno.pl\/wp-content\/uploads\/2022\/04\/cigar-g19041401f_1920-450x350.jpg\" alt=\"Telegram H. Friedmanna\" height=\"350\" width=\"450\" decoding=\"async\"><\/a><h3 class=\"rpwe-title\"><a href=\"https:\/\/zydzi-trzemeszno.pl\/en\/kolekcje\/kolekcje-prywatne\/telegram-h-friedmanna\/\" target=\"_self\">H. Friedmann\u2019s telegram<\/a><\/h3><time class=\"rpwe-time published\" datetime=\"2022-04-14T10:53:17+02:00\">14 April, 2022<\/time><div class=\"rpwe-summary\">This is an order for cigars from Rauenberg, a town in Germany (the cigar factory mentioned above still exists there today). The telegram bears a beautiful watermark in the shape of a lion. Its sender could have been Heimann Friedmann or one of his relatives from Trzemeszno.<a href=\"https:\/\/zydzi-trzemeszno.pl\/en\/kolekcje\/kolekcje-prywatne\/telegram-h-friedmanna\/\" class=\"more-link\">Read More \u00bb<\/a><\/div><\/li><li class=\"rpwe-li rpwe-clearfix\"><a class=\"rpwe-img\" href=\"https:\/\/zydzi-trzemeszno.pl\/en\/kolekcje\/kolekcje-prywatne\/karta-korespondencyjna-samuela-rothmanna\/\" target=\"_self\"><img loading=\"lazy\" class=\"rpwe-alignleft rpwe-thumb\" src=\"https:\/\/zydzi-trzemeszno.pl\/wp-content\/uploads\/2022\/04\/20211022_135358-scaled-450x350.jpg\" alt=\"Karta korespondencyjna Samuela Rothmanna\" height=\"350\" width=\"450\" decoding=\"async\"><\/a><h3 class=\"rpwe-title\"><a href=\"https:\/\/zydzi-trzemeszno.pl\/en\/kolekcje\/kolekcje-prywatne\/karta-korespondencyjna-samuela-rothmanna\/\" target=\"_self\">Correspondence card of Samuel Rothmann<\/a><\/h3><time class=\"rpwe-time published\" datetime=\"2022-04-02T09:18:00+02:00\">2 April, 2022<\/time><div class=\"rpwe-summary\">The oldest record in Trzemeszno\u2019s city register referring to Samuel Rothmann that I have found dates back to 1859. On September 22, 1860, he married Amalie Gr\u00fcnbaum in Trzemeszno. The books contain records about the birth...<a href=\"https:\/\/zydzi-trzemeszno.pl\/en\/kolekcje\/kolekcje-prywatne\/karta-korespondencyjna-samuela-rothmanna\/\" class=\"more-link\">Read More \u00bb<\/a><\/div><\/li><li class=\"rpwe-li rpwe-clearfix\"><a class=\"rpwe-img\" href=\"https:\/\/zydzi-trzemeszno.pl\/en\/kolekcje\/kolekcje-prywatne\/karta-pocztowa-adolfa-schallamacha\/\" target=\"_self\"><img loading=\"lazy\" class=\"rpwe-alignleft rpwe-thumb\" src=\"https:\/\/zydzi-trzemeszno.pl\/wp-content\/uploads\/2022\/02\/pocztowka-Adolf-Schallamach-Franciszka-Schallamach-Bley-450x350.jpg\" alt=\"Karta korespondencyjna Adolfa Schallamacha\" height=\"350\" width=\"450\" decoding=\"async\"><\/a><h3 class=\"rpwe-title\"><a href=\"https:\/\/zydzi-trzemeszno.pl\/en\/kolekcje\/kolekcje-prywatne\/karta-pocztowa-adolfa-schallamacha\/\" target=\"_self\">Correspondence card of Adolf Schallamach<\/a><\/h3><time class=\"rpwe-time published\" datetime=\"2022-03-12T00:04:00+01:00\">12 March, 2022<\/time><div class=\"rpwe-summary\">Correspondence card addressed to Adolf Schallamach, at the time staying in Trzemeszno, c\/o Mrs. Bley, sent from Breslau on August 10, 1920...<a href=\"https:\/\/zydzi-trzemeszno.pl\/en\/kolekcje\/kolekcje-prywatne\/karta-pocztowa-adolfa-schallamacha\/\" class=\"more-link\">Read More \u00bb<\/a><\/div><\/li><\/ul><\/div><!-- Generated by http:\/\/wordpress.org\/plugins\/recent-posts-widget-extended\/ -->\t\t\t\t<\/div>\n\t\t\t\t<\/div>\n\t\t\t\t\t<\/div>\n\t\t<\/div>\n\t\t\t\t\t<\/div>\n\t\t<\/section>\n\t\t\t\t<section class=\"elementor-section elementor-top-section elementor-element elementor-element-b3be254 elementor-section-boxed elementor-section-height-default elementor-section-height-default exad-glass-effect-no exad-sticky-section-no\" data-id=\"b3be254\" data-element_type=\"section\">\n\t\t\t\t\t\t<div class=\"elementor-container elementor-column-gap-default\">\n\t\t\t\t\t<div class=\"elementor-column elementor-col-100 elementor-top-column elementor-element elementor-element-7ac029e exad-glass-effect-no exad-sticky-section-no\" data-id=\"7ac029e\" data-element_type=\"column\">\n\t\t\t<div class=\"elementor-widget-wrap elementor-element-populated\">\n\t\t\t\t\t\t<div class=\"elementor-element elementor-element-38a215e exad-sticky-section-no exad-glass-effect-no elementor-widget elementor-widget-spacer\" data-id=\"38a215e\" data-element_type=\"widget\" data-widget_type=\"spacer.default\">\n\t\t\t\t<div class=\"elementor-widget-container\">\n\t\t\t\t\t\t\t<div class=\"elementor-spacer\">\n\t\t\t<div class=\"elementor-spacer-inner\"><\/div>\n\t\t<\/div>\n\t\t\t\t\t\t<\/div>\n\t\t\t\t<\/div>\n\t\t\t\t\t<\/div>\n\t\t<\/div>\n\t\t\t\t\t<\/div>\n\t\t<\/section>\n\t\t\t\t<\/div>","protected":false},"excerpt":{"rendered":"","protected":false},"author":1,"featured_media":4203,"parent":1644,"menu_order":0,"comment_status":"closed","ping_status":"closed","template":"page-templates\/template-pagebuilder-full-width.php","meta":{"neve_meta_sidebar":"","neve_meta_container":"","neve_meta_enable_content_width":"","neve_meta_content_width":0,"neve_meta_title_alignment":"","neve_meta_author_avatar":"","neve_post_elements_order":"","neve_meta_disable_header":"","neve_meta_disable_footer":"","neve_meta_disable_title":"","_themeisle_gutenberg_block_has_review":false,"_ti_tpc_template_sync":false,"_ti_tpc_template_id":"","footnotes":""},"class_list":["post-1645","page","type-page","status-publish","has-post-thumbnail","hentry"],"acf":[],"yoast_head":"<!-- This site is optimized with the Yoast SEO plugin v24.2 - https:\/\/yoast.com\/wordpress\/plugins\/seo\/ -->\n<title>Kolekcje prywatne - Strona po\u015bwi\u0119cona historii \u017byd\u00f3w z Trzemeszna<\/title>\n<meta name=\"robots\" content=\"index, follow, max-snippet:-1, max-image-preview:large, max-video-preview:-1\" \/>\n<link rel=\"canonical\" href=\"https:\/\/zydzi-trzemeszno.pl\/en\/kolekcje\/prywatne\/\" \/>\n<meta property=\"og:locale\" content=\"en_US\" \/>\n<meta property=\"og:type\" content=\"article\" \/>\n<meta property=\"og:title\" content=\"Kolekcje prywatne - Strona po\u015bwi\u0119cona historii \u017byd\u00f3w z Trzemeszna\" \/>\n<meta property=\"og:url\" content=\"https:\/\/zydzi-trzemeszno.pl\/en\/kolekcje\/prywatne\/\" \/>\n<meta property=\"og:site_name\" content=\"Strona po\u015bwi\u0119cona historii \u017byd\u00f3w z Trzemeszna\" \/>\n<meta property=\"article:publisher\" content=\"https:\/\/www.facebook.com\/CmentarzZydowskiTrzemeszno\" \/>\n<meta property=\"article:modified_time\" content=\"2022-09-28T22:04:07+00:00\" \/>\n<meta property=\"og:image\" content=\"https:\/\/zydzi-trzemeszno.pl\/wp-content\/uploads\/2022\/03\/Kopia-Kopia-Kopia-Kopia-Kopia-Kopia-Projekt-bez-nazwy.png\" \/>\n\t<meta property=\"og:image:width\" content=\"1600\" \/>\n\t<meta property=\"og:image:height\" content=\"350\" \/>\n\t<meta property=\"og:image:type\" content=\"image\/png\" \/>\n<meta name=\"twitter:card\" content=\"summary_large_image\" \/>\n<meta name=\"twitter:label1\" content=\"Est. reading time\" \/>\n\t<meta name=\"twitter:data1\" content=\"3 minutes\" \/>\n<script type=\"application\/ld+json\" class=\"yoast-schema-graph\">{\"@context\":\"https:\/\/schema.org\",\"@graph\":[{\"@type\":\"WebPage\",\"@id\":\"https:\/\/zydzi-trzemeszno.pl\/kolekcje\/prywatne\/\",\"url\":\"https:\/\/zydzi-trzemeszno.pl\/kolekcje\/prywatne\/\",\"name\":\"Kolekcje prywatne - Strona po\u015bwi\u0119cona historii \u017byd\u00f3w z Trzemeszna\",\"isPartOf\":{\"@id\":\"https:\/\/zydzi-trzemeszno.pl\/en\/#website\"},\"primaryImageOfPage\":{\"@id\":\"https:\/\/zydzi-trzemeszno.pl\/kolekcje\/prywatne\/#primaryimage\"},\"image\":{\"@id\":\"https:\/\/zydzi-trzemeszno.pl\/kolekcje\/prywatne\/#primaryimage\"},\"thumbnailUrl\":\"https:\/\/zydzi-trzemeszno.pl\/wp-content\/uploads\/2022\/03\/Kopia-Kopia-Kopia-Kopia-Kopia-Kopia-Projekt-bez-nazwy.png\",\"datePublished\":\"2022-02-05T20:27:59+00:00\",\"dateModified\":\"2022-09-28T22:04:07+00:00\",\"breadcrumb\":{\"@id\":\"https:\/\/zydzi-trzemeszno.pl\/kolekcje\/prywatne\/#breadcrumb\"},\"inLanguage\":\"en-US\",\"potentialAction\":[{\"@type\":\"ReadAction\",\"target\":[\"https:\/\/zydzi-trzemeszno.pl\/kolekcje\/prywatne\/\"]}]},{\"@type\":\"ImageObject\",\"inLanguage\":\"en-US\",\"@id\":\"https:\/\/zydzi-trzemeszno.pl\/kolekcje\/prywatne\/#primaryimage\",\"url\":\"https:\/\/zydzi-trzemeszno.pl\/wp-content\/uploads\/2022\/03\/Kopia-Kopia-Kopia-Kopia-Kopia-Kopia-Projekt-bez-nazwy.png\",\"contentUrl\":\"https:\/\/zydzi-trzemeszno.pl\/wp-content\/uploads\/2022\/03\/Kopia-Kopia-Kopia-Kopia-Kopia-Kopia-Projekt-bez-nazwy.png\",\"width\":1600,\"height\":350},{\"@type\":\"BreadcrumbList\",\"@id\":\"https:\/\/zydzi-trzemeszno.pl\/kolekcje\/prywatne\/#breadcrumb\",\"itemListElement\":[{\"@type\":\"ListItem\",\"position\":1,\"name\":\"Strona g\u0142\u00f3wna\",\"item\":\"https:\/\/zydzi-trzemeszno.pl\/en\/\"},{\"@type\":\"ListItem\",\"position\":2,\"name\":\"Kolekcje\",\"item\":\"https:\/\/zydzi-trzemeszno.pl\/?page_id=1644\"},{\"@type\":\"ListItem\",\"position\":3,\"name\":\"Kolekcje prywatne\"}]},{\"@type\":\"WebSite\",\"@id\":\"https:\/\/zydzi-trzemeszno.pl\/en\/#website\",\"url\":\"https:\/\/zydzi-trzemeszno.pl\/en\/\",\"name\":\"Strona po\u015bwi\u0119cona historii \u017byd\u00f3w z Trzemeszna\",\"description\":\"Dowiedz si\u0119 wi\u0119cej o \u017bydach z Trzemeszna, ich rodzinach, wspomnieniach oraz Cmentarzu \u017bydowskim w Trzemesznie.\",\"publisher\":{\"@id\":\"https:\/\/zydzi-trzemeszno.pl\/en\/#organization\"},\"potentialAction\":[{\"@type\":\"SearchAction\",\"target\":{\"@type\":\"EntryPoint\",\"urlTemplate\":\"https:\/\/zydzi-trzemeszno.pl\/en\/?s={search_term_string}\"},\"query-input\":{\"@type\":\"PropertyValueSpecification\",\"valueRequired\":true,\"valueName\":\"search_term_string\"}}],\"inLanguage\":\"en-US\"},{\"@type\":\"Organization\",\"@id\":\"https:\/\/zydzi-trzemeszno.pl\/en\/#organization\",\"name\":\"Strona po\u015bwi\u0119cona historii \u017byd\u00f3w z Trzemeszna\",\"url\":\"https:\/\/zydzi-trzemeszno.pl\/en\/\",\"logo\":{\"@type\":\"ImageObject\",\"inLanguage\":\"en-US\",\"@id\":\"https:\/\/zydzi-trzemeszno.pl\/en\/#\/schema\/logo\/image\/\",\"url\":\"http:\/\/zydzi-trzemeszno.pl\/wp-content\/uploads\/2022\/03\/cropped-zydzi-trzem-logo-21.png\",\"contentUrl\":\"http:\/\/zydzi-trzemeszno.pl\/wp-content\/uploads\/2022\/03\/cropped-zydzi-trzem-logo-21.png\",\"width\":200,\"height\":120,\"caption\":\"Strona po\u015bwi\u0119cona historii \u017byd\u00f3w z Trzemeszna\"},\"image\":{\"@id\":\"https:\/\/zydzi-trzemeszno.pl\/en\/#\/schema\/logo\/image\/\"},\"sameAs\":[\"https:\/\/www.facebook.com\/CmentarzZydowskiTrzemeszno\",\"https:\/\/www.youtube.com\/channel\/UCriHe7XL_3BRMosZAKSx77g\"]}]}<\/script>\n<!-- \/ Yoast SEO plugin. -->","yoast_head_json":{"title":"Kolekcje prywatne - Strona po\u015bwi\u0119cona historii \u017byd\u00f3w z Trzemeszna","robots":{"index":"index","follow":"follow","max-snippet":"max-snippet:-1","max-image-preview":"max-image-preview:large","max-video-preview":"max-video-preview:-1"},"canonical":"https:\/\/zydzi-trzemeszno.pl\/en\/kolekcje\/prywatne\/","og_locale":"en_US","og_type":"article","og_title":"Kolekcje prywatne - Strona po\u015bwi\u0119cona historii \u017byd\u00f3w z Trzemeszna","og_url":"https:\/\/zydzi-trzemeszno.pl\/en\/kolekcje\/prywatne\/","og_site_name":"Strona po\u015bwi\u0119cona historii \u017byd\u00f3w z Trzemeszna","article_publisher":"https:\/\/www.facebook.com\/CmentarzZydowskiTrzemeszno","article_modified_time":"2022-09-28T22:04:07+00:00","og_image":[{"width":1600,"height":350,"url":"https:\/\/zydzi-trzemeszno.pl\/wp-content\/uploads\/2022\/03\/Kopia-Kopia-Kopia-Kopia-Kopia-Kopia-Projekt-bez-nazwy.png","type":"image\/png"}],"twitter_card":"summary_large_image","twitter_misc":{"Est. reading time":"3 minutes"},"schema":{"@context":"https:\/\/schema.org","@graph":[{"@type":"WebPage","@id":"https:\/\/zydzi-trzemeszno.pl\/kolekcje\/prywatne\/","url":"https:\/\/zydzi-trzemeszno.pl\/kolekcje\/prywatne\/","name":"Kolekcje prywatne - Strona po\u015bwi\u0119cona historii \u017byd\u00f3w z Trzemeszna","isPartOf":{"@id":"https:\/\/zydzi-trzemeszno.pl\/en\/#website"},"primaryImageOfPage":{"@id":"https:\/\/zydzi-trzemeszno.pl\/kolekcje\/prywatne\/#primaryimage"},"image":{"@id":"https:\/\/zydzi-trzemeszno.pl\/kolekcje\/prywatne\/#primaryimage"},"thumbnailUrl":"https:\/\/zydzi-trzemeszno.pl\/wp-content\/uploads\/2022\/03\/Kopia-Kopia-Kopia-Kopia-Kopia-Kopia-Projekt-bez-nazwy.png","datePublished":"2022-02-05T20:27:59+00:00","dateModified":"2022-09-28T22:04:07+00:00","breadcrumb":{"@id":"https:\/\/zydzi-trzemeszno.pl\/kolekcje\/prywatne\/#breadcrumb"},"inLanguage":"en-US","potentialAction":[{"@type":"ReadAction","target":["https:\/\/zydzi-trzemeszno.pl\/kolekcje\/prywatne\/"]}]},{"@type":"ImageObject","inLanguage":"en-US","@id":"https:\/\/zydzi-trzemeszno.pl\/kolekcje\/prywatne\/#primaryimage","url":"https:\/\/zydzi-trzemeszno.pl\/wp-content\/uploads\/2022\/03\/Kopia-Kopia-Kopia-Kopia-Kopia-Kopia-Projekt-bez-nazwy.png","contentUrl":"https:\/\/zydzi-trzemeszno.pl\/wp-content\/uploads\/2022\/03\/Kopia-Kopia-Kopia-Kopia-Kopia-Kopia-Projekt-bez-nazwy.png","width":1600,"height":350},{"@type":"BreadcrumbList","@id":"https:\/\/zydzi-trzemeszno.pl\/kolekcje\/prywatne\/#breadcrumb","itemListElement":[{"@type":"ListItem","position":1,"name":"Strona g\u0142\u00f3wna","item":"https:\/\/zydzi-trzemeszno.pl\/en\/"},{"@type":"ListItem","position":2,"name":"Kolekcje","item":"https:\/\/zydzi-trzemeszno.pl\/?page_id=1644"},{"@type":"ListItem","position":3,"name":"Kolekcje prywatne"}]},{"@type":"WebSite","@id":"https:\/\/zydzi-trzemeszno.pl\/en\/#website","url":"https:\/\/zydzi-trzemeszno.pl\/en\/","name":"Strona po\u015bwi\u0119cona historii \u017byd\u00f3w z Trzemeszna","description":"Dowiedz si\u0119 wi\u0119cej o \u017bydach z Trzemeszna, ich rodzinach, wspomnieniach oraz Cmentarzu \u017bydowskim w Trzemesznie.","publisher":{"@id":"https:\/\/zydzi-trzemeszno.pl\/en\/#organization"},"potentialAction":[{"@type":"SearchAction","target":{"@type":"EntryPoint","urlTemplate":"https:\/\/zydzi-trzemeszno.pl\/en\/?s={search_term_string}"},"query-input":{"@type":"PropertyValueSpecification","valueRequired":true,"valueName":"search_term_string"}}],"inLanguage":"en-US"},{"@type":"Organization","@id":"https:\/\/zydzi-trzemeszno.pl\/en\/#organization","name":"Strona po\u015bwi\u0119cona historii \u017byd\u00f3w z Trzemeszna","url":"https:\/\/zydzi-trzemeszno.pl\/en\/","logo":{"@type":"ImageObject","inLanguage":"en-US","@id":"https:\/\/zydzi-trzemeszno.pl\/en\/#\/schema\/logo\/image\/","url":"http:\/\/zydzi-trzemeszno.pl\/wp-content\/uploads\/2022\/03\/cropped-zydzi-trzem-logo-21.png","contentUrl":"http:\/\/zydzi-trzemeszno.pl\/wp-content\/uploads\/2022\/03\/cropped-zydzi-trzem-logo-21.png","width":200,"height":120,"caption":"Strona po\u015bwi\u0119cona historii \u017byd\u00f3w z Trzemeszna"},"image":{"@id":"https:\/\/zydzi-trzemeszno.pl\/en\/#\/schema\/logo\/image\/"},"sameAs":["https:\/\/www.facebook.com\/CmentarzZydowskiTrzemeszno","https:\/\/www.youtube.com\/channel\/UCriHe7XL_3BRMosZAKSx77g"]}]}},"_links":{"self":[{"href":"https:\/\/zydzi-trzemeszno.pl\/en\/wp-json\/wp\/v2\/pages\/1645","targetHints":{"allow":["GET"]}}],"collection":[{"href":"https:\/\/zydzi-trzemeszno.pl\/en\/wp-json\/wp\/v2\/pages"}],"about":[{"href":"https:\/\/zydzi-trzemeszno.pl\/en\/wp-json\/wp\/v2\/types\/page"}],"author":[{"embeddable":true,"href":"https:\/\/zydzi-trzemeszno.pl\/en\/wp-json\/wp\/v2\/users\/1"}],"replies":[{"embeddable":true,"href":"https:\/\/zydzi-trzemeszno.pl\/en\/wp-json\/wp\/v2\/comments?post=1645"}],"version-history":[{"count":19,"href":"https:\/\/zydzi-trzemeszno.pl\/en\/wp-json\/wp\/v2\/pages\/1645\/revisions"}],"predecessor-version":[{"id":6092,"href":"https:\/\/zydzi-trzemeszno.pl\/en\/wp-json\/wp\/v2\/pages\/1645\/revisions\/6092"}],"up":[{"embeddable":true,"href":"https:\/\/zydzi-trzemeszno.pl\/en\/wp-json\/wp\/v2\/pages\/1644"}],"wp:featuredmedia":[{"embeddable":true,"href":"https:\/\/zydzi-trzemeszno.pl\/en\/wp-json\/wp\/v2\/media\/4203"}],"wp:attachment":[{"href":"https:\/\/zydzi-trzemeszno.pl\/en\/wp-json\/wp\/v2\/media?parent=1645"}],"curies":[{"name":"wp","href":"https:\/\/api.w.org\/{rel}","templated":true}]}}